{"id":99,"date":"2013-04-18T16:58:05","date_gmt":"2013-04-18T16:58:05","guid":{"rendered":"https:\/\/mozaika.ug.edu.pl\/?page_id=99"},"modified":"2017-05-21T13:16:21","modified_gmt":"2017-05-21T13:16:21","slug":"sympozjum-naukowe-regionalia-tradycja-kontra-rzeczywistosc-globalna-27-05-2013","status":"publish","type":"page","link":"https:\/\/mozaika.ug.edu.pl\/?page_id=99","title":{"rendered":"Sympozjum naukowe ,,Regionalia &#8211; tradycja kontra rzeczywisto\u015b\u0107 globalna&#8221;"},"content":{"rendered":"<p><a href=\"https:\/\/www.katebackdrop.com\/blogs\/kate\/about-material\"><img loading=\"lazy\" decoding=\"async\" class=\"aligncenter wp-image-40 size-medium\" style=\"border-color: #bbbbbb; background-color: #eeeeee;\" title=\"Regionalia - logo\" src=\"https:\/\/mozaika.ug.edu.pl\/wp-content\/uploads\/2013\/04\/Regionalia-logo1-300x103.jpg\" alt=\"ABout Material Katebackdrop\" width=\"300\" height=\"103\" \/><\/a><\/p>\n<p style=\"text-align: center;\">Szanowni Pa\u0144stwo, mamy zaszczyt zaprosi\u0107 Pa\u0144stwa do wzi\u0119cia udzia\u0142u w sympozjum naukowym,\u00a0kt\u00f3re odb\u0119dzie si\u0119 na Uniwersytecie Gda\u0144skim w dniu<strong>\u00a027.05.2013 r.\u00a0<\/strong><\/p>\n<p style=\"text-align: center;\">Celem spotkania jest wymiana pogl\u0105d\u00f3w i dyskusja na temat miejsca kultury regionalnej we wsp\u00f3\u0142czesnym \u015bwiecie. W ramach spotkania chcieliby\u015bmy zastanowi\u0107 si\u0119 wraz z Pa\u0144stwem co charakteryzuje kultur\u0119 danego regionu i jak ona si\u0119 tworzy oraz czy wizerunek polskich region\u00f3w zmieni\u0142 si\u0119 na przestrzeni lat. Czekamy na propozycje temat\u00f3w.<\/p>\n<p>Do pobrania &#8211; klik:\u00a0<a href=\"https:\/\/mozaika.ug.edu.pl\/wp-content\/uploads\/2013\/04\/Regionalia-informacja.pdf\">Regionalia-informacja<\/a>\u00a0i\u00a0<a href=\"https:\/\/mozaika.ug.edu.pl\/wp-content\/uploads\/2013\/04\/Regionalia-zg\u0142oszenie.doc\">Regionalia &#8211; zg\u0142oszenie<\/a><a href=\"https:\/\/mozaika.ug.edu.pl\/wp-content\/uploads\/2013\/04\/Regionalia-logo1-e1366214085804.jpg\"><br \/>\n<\/a><\/p>\n","protected":false},"excerpt":{"rendered":"<p>Szanowni Pa\u0144stwo, mamy zaszczyt zaprosi\u0107 Pa\u0144stwa do wzi\u0119cia udzia\u0142u w sympozjum naukowym,\u00a0kt\u00f3re odb\u0119dzie si\u0119 na Uniwersytecie Gda\u0144skim w dniu\u00a027.05.2013 r.\u00a0 Celem spotkania jest wymiana pogl\u0105d\u00f3w i dyskusja na temat miejsca kultury regionalnej we wsp\u00f3\u0142czesnym \u015bwiecie. W ramach spotkania chcieliby\u015bmy zastanowi\u0107 si\u0119 wraz z Pa\u0144stwem co charakteryzuje kultur\u0119 danego regionu i \u2026 <a class=\"continue-reading-link\" href=\"https:\/\/mozaika.ug.edu.pl\/?page_id=99\"> Continue reading<\/a><\/p>\n","protected":false},"author":100,"featured_media":0,"parent":12,"menu_order":0,"comment_status":"open","ping_status":"open","template":"","meta":{"footnotes":""},"class_list":["post-99","page","type-page","status-publish","hentry"],"_links":{"self":[{"href":"https:\/\/mozaika.ug.edu.pl\/index.php?rest_route=\/wp\/v2\/pages\/99","targetHints":{"allow":["GET"]}}],"collection":[{"href":"https:\/\/mozaika.ug.edu.pl\/index.php?rest_route=\/wp\/v2\/pages"}],"about":[{"href":"https:\/\/mozaika.ug.edu.pl\/index.php?rest_route=\/wp\/v2\/types\/page"}],"author":[{"embeddable":true,"href":"https:\/\/mozaika.ug.edu.pl\/index.php?rest_route=\/wp\/v2\/users\/100"}],"replies":[{"embeddable":true,"href":"https:\/\/mozaika.ug.edu.pl\/index.php?rest_route=%2Fwp%2Fv2%2Fcomments&post=99"}],"version-history":[{"count":7,"href":"https:\/\/mozaika.ug.edu.pl\/index.php?rest_route=\/wp\/v2\/pages\/99\/revisions"}],"predecessor-version":[{"id":1260,"href":"https:\/\/mozaika.ug.edu.pl\/index.php?rest_route=\/wp\/v2\/pages\/99\/revisions\/1260"}],"up":[{"embeddable":true,"href":"https:\/\/mozaika.ug.edu.pl\/index.php?rest_route=\/wp\/v2\/pages\/12"}],"wp:attachment":[{"href":"https:\/\/mozaika.ug.edu.pl\/index.php?rest_route=%2Fwp%2Fv2%2Fmedia&parent=99"}],"curies":[{"name":"wp","href":"https:\/\/api.w.org\/{rel}","templated":true}]}}