{"id":973,"date":"2016-05-15T09:29:10","date_gmt":"2016-05-15T09:29:10","guid":{"rendered":"https:\/\/mozaika.ug.edu.pl\/?page_id=973"},"modified":"2016-07-28T09:25:01","modified_gmt":"2016-07-28T09:25:01","slug":"blog","status":"publish","type":"page","link":"https:\/\/mozaika.ug.edu.pl\/?page_id=973","title":{"rendered":"Badania naukowe w Tajlandii"},"content":{"rendered":"<p style=\"text-align: center;\"><a href=\"https:\/\/mozaika.ug.edu.pl\/wp-content\/uploads\/2016\/05\/tajlandia-5.png\"><img loading=\"lazy\" decoding=\"async\" class=\"size-large wp-image-980\" src=\"https:\/\/mozaika.ug.edu.pl\/wp-content\/uploads\/2016\/05\/tajlandia-5-1024x391.png\" alt=\"Badania naukowe w Tajlandii\" width=\"750\" height=\"286\" srcset=\"https:\/\/mozaika.ug.edu.pl\/wp-content\/uploads\/2016\/05\/tajlandia-5-1024x391.png 1024w, https:\/\/mozaika.ug.edu.pl\/wp-content\/uploads\/2016\/05\/tajlandia-5-300x114.png 300w, https:\/\/mozaika.ug.edu.pl\/wp-content\/uploads\/2016\/05\/tajlandia-5-150x57.png 150w\" sizes=\"auto, (max-width: 750px) 100vw, 750px\" \/><\/a><a style=\"color: #000080;\" href=\"https:\/\/mozaika.ug.edu.pl\/?cat=12\"><strong>\u015aled\u017a naszego\u00a0BLOGA\u00a0i b\u0105d\u017a na bie\u017c\u0105co<\/strong><\/a><\/p>\n<p style=\"text-align: right;\"><strong><a style=\"color: #000080;\" href=\"https:\/\/mozaika.ug.edu.pl\/?cat=12\"><img loading=\"lazy\" decoding=\"async\" class=\"  wp-image-1002 aligncenter\" src=\"https:\/\/mozaika.ug.edu.pl\/wp-content\/uploads\/2016\/05\/yes-register-yp.png\" alt=\"yes-register-yp\" width=\"72\" height=\"72\" \/><\/a><\/strong><\/p>\n<p style=\"text-align: justify;\">W dniach 17.05.-10.06 2016 wraz z opiekunem naszego Ko\u0142a bierzemy udzia\u0142 w mi\u0119dzynarodowym projekcie badawczym w\u00a0Sikao District, w Tajlandii. Projekt jest prowadzony przez badaczy z\u00a0 University of Latvia w Rydze, Rajamangala University of Technology w Bangkoku oraz Institute for Environmental Solutions w Rydze. Cz\u0142onkowie zespo\u0142u prowadz\u0105cego ten projekt reprezentuj\u0105 biologi\u0119 i ekonomi\u0119 spo\u0142eczn\u0105. My za\u015b w\u015br\u00f3d mieszka\u0144c\u00f3w ma\u0142ej, rybackiej wioski prowadzimy badania dotycz\u0105ce znaczenia las\u00f3w mangrowych dla lokalnej ekonomii.<\/p>\n<p style=\"text-align: justify;\">Zapis naszych wra\u017ce\u0144 z terenu mo\u017cna \u015bledzi\u0107 na bie\u017c\u0105co na naszym <span style=\"color: #000080;\"><strong><a style=\"color: #000080;\" href=\"https:\/\/mozaika.ug.edu.pl\/?cat=12\">BLOGU<\/a><\/strong><\/span>. Zach\u0119camy do lektury!<\/p>\n<p style=\"text-align: justify;\"><strong>UCZESTNICY BADA\u0143<\/strong><br \/>\n-dr Aleksandra Wierucka<br \/>\n-Julia Rachwalska<br \/>\n-Tomasz Lidzbarski<\/p>\n<p style=\"text-align: center;\"><strong>PARTNERZY PROJEKTU<br \/>\n<img loading=\"lazy\" decoding=\"async\" class=\"aligncenter wp-image-995 size-medium\" src=\"https:\/\/mozaika.ug.edu.pl\/wp-content\/uploads\/2016\/05\/tajlandia-1-164x300.png\" alt=\"tajlandia-1\" width=\"164\" height=\"300\" srcset=\"https:\/\/mozaika.ug.edu.pl\/wp-content\/uploads\/2016\/05\/tajlandia-1-164x300.png 164w, https:\/\/mozaika.ug.edu.pl\/wp-content\/uploads\/2016\/05\/tajlandia-1-560x1024.png 560w, https:\/\/mozaika.ug.edu.pl\/wp-content\/uploads\/2016\/05\/tajlandia-1-82x150.png 82w, https:\/\/mozaika.ug.edu.pl\/wp-content\/uploads\/2016\/05\/tajlandia-1.png 1645w\" sizes=\"auto, (max-width: 164px) 100vw, 164px\" \/><br \/>\n<img loading=\"lazy\" decoding=\"async\" class=\"aligncenter wp-image-992\" src=\"https:\/\/mozaika.ug.edu.pl\/wp-content\/uploads\/2016\/05\/tajlandia-4-300x213.png\" alt=\"tajlandia-4\" width=\"200\" height=\"142\" srcset=\"https:\/\/mozaika.ug.edu.pl\/wp-content\/uploads\/2016\/05\/tajlandia-4-300x213.png 300w, https:\/\/mozaika.ug.edu.pl\/wp-content\/uploads\/2016\/05\/tajlandia-4-1024x727.png 1024w, https:\/\/mozaika.ug.edu.pl\/wp-content\/uploads\/2016\/05\/tajlandia-4-150x106.png 150w\" sizes=\"auto, (max-width: 200px) 100vw, 200px\" \/><br \/>\n<img loading=\"lazy\" decoding=\"async\" class=\"aligncenter wp-image-994 size-medium\" src=\"https:\/\/mozaika.ug.edu.pl\/wp-content\/uploads\/2016\/05\/tajlandia-2-300x105.png\" alt=\"tajlandia-2\" width=\"300\" height=\"105\" srcset=\"https:\/\/mozaika.ug.edu.pl\/wp-content\/uploads\/2016\/05\/tajlandia-2-300x105.png 300w, https:\/\/mozaika.ug.edu.pl\/wp-content\/uploads\/2016\/05\/tajlandia-2-1024x358.png 1024w, https:\/\/mozaika.ug.edu.pl\/wp-content\/uploads\/2016\/05\/tajlandia-2-150x52.png 150w\" sizes=\"auto, (max-width: 300px) 100vw, 300px\" \/><br \/>\n<img loading=\"lazy\" decoding=\"async\" class=\"aligncenter wp-image-993 size-medium\" src=\"https:\/\/mozaika.ug.edu.pl\/wp-content\/uploads\/2016\/05\/tajlandia-3-300x107.png\" alt=\"tajlandia-3\" width=\"300\" height=\"107\" srcset=\"https:\/\/mozaika.ug.edu.pl\/wp-content\/uploads\/2016\/05\/tajlandia-3-300x107.png 300w, https:\/\/mozaika.ug.edu.pl\/wp-content\/uploads\/2016\/05\/tajlandia-3-1024x365.png 1024w, https:\/\/mozaika.ug.edu.pl\/wp-content\/uploads\/2016\/05\/tajlandia-3-150x53.png 150w\" sizes=\"auto, (max-width: 300px) 100vw, 300px\" \/><br \/>\n<\/strong><\/p>\n<p style=\"text-align: center;\">Patronat medialny<br \/>\n<img loading=\"lazy\" decoding=\"async\" class=\"aligncenter wp-image-996\" src=\"https:\/\/mozaika.ug.edu.pl\/wp-content\/uploads\/2016\/05\/ba121a3780d313e0edb18d856e8a623b_radiogdansk.png\" alt=\"Radio Gda\u0144sk\" width=\"250\" height=\"81\" srcset=\"https:\/\/mozaika.ug.edu.pl\/wp-content\/uploads\/2016\/05\/ba121a3780d313e0edb18d856e8a623b_radiogdansk.png 710w, https:\/\/mozaika.ug.edu.pl\/wp-content\/uploads\/2016\/05\/ba121a3780d313e0edb18d856e8a623b_radiogdansk-300x97.png 300w, https:\/\/mozaika.ug.edu.pl\/wp-content\/uploads\/2016\/05\/ba121a3780d313e0edb18d856e8a623b_radiogdansk-150x49.png 150w\" sizes=\"auto, (max-width: 250px) 100vw, 250px\" \/><\/p>\n<p style=\"text-align: center;\"><a style=\"color: #000080;\" href=\"https:\/\/mozaika.ug.edu.pl\/?cat=12\"><strong>\u015aled\u017a naszego\u00a0BLOGA\u00a0i b\u0105d\u017a na bie\u017c\u0105co<\/strong><\/a><\/p>\n<p style=\"text-align: right;\"><strong><a style=\"color: #000080;\" href=\"https:\/\/mozaika.ug.edu.pl\/?cat=12\"><img loading=\"lazy\" decoding=\"async\" class=\"  wp-image-1002 aligncenter\" src=\"https:\/\/mozaika.ug.edu.pl\/wp-content\/uploads\/2016\/05\/yes-register-yp.png\" alt=\"yes-register-yp\" width=\"72\" height=\"72\" \/><\/a><\/strong><\/p>\n","protected":false},"excerpt":{"rendered":"<p>\u015aled\u017a naszego\u00a0BLOGA\u00a0i b\u0105d\u017a na bie\u017c\u0105co W dniach 17.05.-10.06 2016 wraz z opiekunem naszego Ko\u0142a bierzemy udzia\u0142 w mi\u0119dzynarodowym projekcie badawczym w\u00a0Sikao District, w Tajlandii. Projekt jest prowadzony przez badaczy z\u00a0 University of Latvia w Rydze, Rajamangala University of Technology w Bangkoku oraz Institute for Environmental Solutions w Rydze. Cz\u0142onkowie zespo\u0142u \u2026 <a class=\"continue-reading-link\" href=\"https:\/\/mozaika.ug.edu.pl\/?page_id=973\"> Continue reading<\/a><\/p>\n","protected":false},"author":100,"featured_media":0,"parent":0,"menu_order":9,"comment_status":"closed","ping_status":"closed","template":"templates\/template-twocolumns-right.php","meta":{"footnotes":""},"class_list":["post-973","page","type-page","status-publish","hentry"],"_links":{"self":[{"href":"https:\/\/mozaika.ug.edu.pl\/index.php?rest_route=\/wp\/v2\/pages\/973","targetHints":{"allow":["GET"]}}],"collection":[{"href":"https:\/\/mozaika.ug.edu.pl\/index.php?rest_route=\/wp\/v2\/pages"}],"about":[{"href":"https:\/\/mozaika.ug.edu.pl\/index.php?rest_route=\/wp\/v2\/types\/page"}],"author":[{"embeddable":true,"href":"https:\/\/mozaika.ug.edu.pl\/index.php?rest_route=\/wp\/v2\/users\/100"}],"replies":[{"embeddable":true,"href":"https:\/\/mozaika.ug.edu.pl\/index.php?rest_route=%2Fwp%2Fv2%2Fcomments&post=973"}],"version-history":[{"count":19,"href":"https:\/\/mozaika.ug.edu.pl\/index.php?rest_route=\/wp\/v2\/pages\/973\/revisions"}],"predecessor-version":[{"id":981,"href":"https:\/\/mozaika.ug.edu.pl\/index.php?rest_route=\/wp\/v2\/pages\/973\/revisions\/981"}],"wp:attachment":[{"href":"https:\/\/mozaika.ug.edu.pl\/index.php?rest_route=%2Fwp%2Fv2%2Fmedia&parent=973"}],"curies":[{"name":"wp","href":"https:\/\/api.w.org\/{rel}","templated":true}]}}