{"id":560,"date":"2014-03-12T21:27:42","date_gmt":"2014-03-12T21:27:42","guid":{"rendered":"https:\/\/mozaika.ug.edu.pl\/?page_id=560"},"modified":"2022-10-14T12:06:46","modified_gmt":"2022-10-14T12:06:46","slug":"badania-w-sierpcu-12-16-05-2014","status":"publish","type":"page","link":"https:\/\/mozaika.ug.edu.pl\/?page_id=560","title":{"rendered":"Badania w Sierpcu &#8211; 12-16.05.2014"},"content":{"rendered":"<p style=\"text-align: center;\">Skansen w Sierpcu (<a href=\"http:\/\/mwmskansen.pl\/\" target=\"_blank\" rel=\"noopener\">http:\/\/mwmskansen.pl\/<\/a>) przenosi kilka okolicznych dom\u00f3w do siebie. Organizatorzy planuj\u0105 ogr\u00f3dki przydomowe zrobi\u0107 tak, jak robiono je w r\u00f3\u017cnych czasach &#8211; od historii do dzi\u015b. Grupa student\u00f3w ze Studenckiego Ko\u0142a Naukowego Mozaika ma zbada\u0107 jak ogr\u00f3dki wygl\u0105da\u0142y w r\u00f3\u017cnym czasie (jakie mia\u0142y rozmiary, jakie ro\u015bliny chodowano, dlaczego i co sadzono, warto zaznaczy\u0107, \u017ce m\u00f3wimy tylko o przydomowych kwietno-zio\u0142owych ogr\u00f3dkach). B\u0119dziemy przemierza\u0107 okolic\u0119 i rozmawia\u0107 z lud\u017ami, pyta\u0107 jakie ogr\u00f3dki mieli oni, ich rodzice, dziadkowie, jakie s\u0105 mi\u0119dzy nimi r\u00f3\u017cnice. B\u0119dzie to niezwykle ciekawe do\u015bwiadczenie, dzi\u0119ki kt\u00f3remu jako kulturoznawcy b\u0119dziemy mogli \u0107wiczy\u0107 umiej\u0119tno\u015bci pracy w terenie, selekcjonowania i dokumentowania informacji czy zbierania danych.<\/p>\n<p style=\"text-align: center;\"><a href=\"https:\/\/mozaika.ug.edu.pl\/wp-content\/uploads\/2014\/03\/2065626_skansen-sierpc.jpg\"><img loading=\"lazy\" decoding=\"async\" class=\"aligncenter wp-image-556\" src=\"https:\/\/mozaika.ug.edu.pl\/wp-content\/uploads\/2014\/03\/2065626_skansen-sierpc.jpg\" alt=\"2065626_skansen-sierpc\" width=\"560\" height=\"412\" srcset=\"https:\/\/mozaika.ug.edu.pl\/wp-content\/uploads\/2014\/03\/2065626_skansen-sierpc.jpg 933w, https:\/\/mozaika.ug.edu.pl\/wp-content\/uploads\/2014\/03\/2065626_skansen-sierpc-300x220.jpg 300w, https:\/\/mozaika.ug.edu.pl\/wp-content\/uploads\/2014\/03\/2065626_skansen-sierpc-150x110.jpg 150w\" sizes=\"auto, (max-width: 560px) 100vw, 560px\" \/><\/a><\/p>\n","protected":false},"excerpt":{"rendered":"<p>Skansen w Sierpcu (http:\/\/mwmskansen.pl\/) przenosi kilka okolicznych dom\u00f3w do siebie. Organizatorzy planuj\u0105 ogr\u00f3dki przydomowe zrobi\u0107 tak, jak robiono je w r\u00f3\u017cnych czasach &#8211; od historii do dzi\u015b. Grupa student\u00f3w ze Studenckiego Ko\u0142a Naukowego Mozaika ma zbada\u0107 jak ogr\u00f3dki wygl\u0105da\u0142y w r\u00f3\u017cnym czasie (jakie mia\u0142y rozmiary, jakie ro\u015bliny chodowano, dlaczego i \u2026 <a class=\"continue-reading-link\" href=\"https:\/\/mozaika.ug.edu.pl\/?page_id=560\"> Continue reading<\/a><\/p>\n","protected":false},"author":100,"featured_media":556,"parent":0,"menu_order":0,"comment_status":"open","ping_status":"open","template":"","meta":{"footnotes":""},"class_list":["post-560","page","type-page","status-publish","has-post-thumbnail","hentry"],"_links":{"self":[{"href":"https:\/\/mozaika.ug.edu.pl\/index.php?rest_route=\/wp\/v2\/pages\/560","targetHints":{"allow":["GET"]}}],"collection":[{"href":"https:\/\/mozaika.ug.edu.pl\/index.php?rest_route=\/wp\/v2\/pages"}],"about":[{"href":"https:\/\/mozaika.ug.edu.pl\/index.php?rest_route=\/wp\/v2\/types\/page"}],"author":[{"embeddable":true,"href":"https:\/\/mozaika.ug.edu.pl\/index.php?rest_route=\/wp\/v2\/users\/100"}],"replies":[{"embeddable":true,"href":"https:\/\/mozaika.ug.edu.pl\/index.php?rest_route=%2Fwp%2Fv2%2Fcomments&post=560"}],"version-history":[{"count":5,"href":"https:\/\/mozaika.ug.edu.pl\/index.php?rest_route=\/wp\/v2\/pages\/560\/revisions"}],"predecessor-version":[{"id":1683,"href":"https:\/\/mozaika.ug.edu.pl\/index.php?rest_route=\/wp\/v2\/pages\/560\/revisions\/1683"}],"wp:featuredmedia":[{"embeddable":true,"href":"https:\/\/mozaika.ug.edu.pl\/index.php?rest_route=\/wp\/v2\/media\/556"}],"wp:attachment":[{"href":"https:\/\/mozaika.ug.edu.pl\/index.php?rest_route=%2Fwp%2Fv2%2Fmedia&parent=560"}],"curies":[{"name":"wp","href":"https:\/\/api.w.org\/{rel}","templated":true}]}}