{"id":436,"date":"2013-10-03T10:31:35","date_gmt":"2013-10-03T10:31:35","guid":{"rendered":"https:\/\/mozaika.ug.edu.pl\/?page_id=436"},"modified":"2013-10-03T10:39:48","modified_gmt":"2013-10-03T10:39:48","slug":"linki","status":"publish","type":"page","link":"https:\/\/mozaika.ug.edu.pl\/?page_id=436","title":{"rendered":"Linki"},"content":{"rendered":"<p style=\"text-align: center;\">W tym miejscu chcemy podzieli\u0107 si\u0119 z Wami linkami do ciekawych wydarze\u0144, aktywnych os\u00f3b i inspiruj\u0105cych instytucji.<\/p>\n<p style=\"text-align: left;\"><a href=\"http:\/\/www.ack.gda.pl\" target=\"_blank\"><strong>Akademickie Centrum Kultury UG &#8222;Alternator&#8221;<\/strong><\/a><\/p>\n<p style=\"text-align: left;\"><strong><a href=\"http:\/\/www.kulturoznawstwo.fil.ug.edu.pl\" target=\"_blank\">Katedra Kulturoznawstwa UG<\/a><\/strong><\/p>\n<p style=\"text-align: left;\"><a href=\"http:\/\/www.ekwador2012.blogspot.com\" target=\"_blank\"><strong>Ekwador 2012 &#8211; blog z wyprawy naukowej<\/strong><\/a><\/p>\n<p style=\"text-align: left;\"><a href=\"http:\/\/www.sapmi2013.blogspot.com\" target=\"_blank\"><strong>Sapmi 2013 &#8211; blog z wyprawy naukowej<\/strong><\/a><\/p>\n<p style=\"text-align: left;\"><a href=\"http:\/\/www.mors.ug.edu.pl\" target=\"_blank\"><strong>Radio MORS<\/strong><\/a><\/p>\n<p style=\"text-align: left;\"><a href=\"http:\/\/www.bizuteriaemila.blogspot.de\" target=\"_blank\"><strong>Bi\u017cuteria Emilii<\/strong><\/a><\/p>\n<p style=\"text-align: left;\"><a href=\"http:\/\/www.paisai.pl\" target=\"_blank\"><strong>Podr\u00f3\u017ce Ewy i Rafa\u0142a<\/strong><\/a><\/p>\n","protected":false},"excerpt":{"rendered":"<p>W tym miejscu chcemy podzieli\u0107 si\u0119 z Wami linkami do ciekawych wydarze\u0144, aktywnych os\u00f3b i inspiruj\u0105cych instytucji. Akademickie Centrum Kultury UG &#8222;Alternator&#8221; Katedra Kulturoznawstwa UG Ekwador 2012 &#8211; blog z wyprawy naukowej Sapmi 2013 &#8211; blog z wyprawy naukowej Radio MORS Bi\u017cuteria Emilii Podr\u00f3\u017ce Ewy i Rafa\u0142a <a class=\"continue-reading-link\" href=\"https:\/\/mozaika.ug.edu.pl\/?page_id=436\"> Continue reading<\/a><\/p>\n","protected":false},"author":100,"featured_media":0,"parent":0,"menu_order":8,"comment_status":"open","ping_status":"open","template":"","meta":{"footnotes":""},"class_list":["post-436","page","type-page","status-publish","hentry"],"_links":{"self":[{"href":"https:\/\/mozaika.ug.edu.pl\/index.php?rest_route=\/wp\/v2\/pages\/436","targetHints":{"allow":["GET"]}}],"collection":[{"href":"https:\/\/mozaika.ug.edu.pl\/index.php?rest_route=\/wp\/v2\/pages"}],"about":[{"href":"https:\/\/mozaika.ug.edu.pl\/index.php?rest_route=\/wp\/v2\/types\/page"}],"author":[{"embeddable":true,"href":"https:\/\/mozaika.ug.edu.pl\/index.php?rest_route=\/wp\/v2\/users\/100"}],"replies":[{"embeddable":true,"href":"https:\/\/mozaika.ug.edu.pl\/index.php?rest_route=%2Fwp%2Fv2%2Fcomments&post=436"}],"version-history":[{"count":3,"href":"https:\/\/mozaika.ug.edu.pl\/index.php?rest_route=\/wp\/v2\/pages\/436\/revisions"}],"predecessor-version":[{"id":439,"href":"https:\/\/mozaika.ug.edu.pl\/index.php?rest_route=\/wp\/v2\/pages\/436\/revisions\/439"}],"wp:attachment":[{"href":"https:\/\/mozaika.ug.edu.pl\/index.php?rest_route=%2Fwp%2Fv2%2Fmedia&parent=436"}],"curies":[{"name":"wp","href":"https:\/\/api.w.org\/{rel}","templated":true}]}}