{"id":35,"date":"2013-04-17T15:48:59","date_gmt":"2013-04-17T15:48:59","guid":{"rendered":"https:\/\/mozaika.ug.edu.pl\/?page_id=35"},"modified":"2013-09-26T18:24:46","modified_gmt":"2013-09-26T18:24:46","slug":"artykuly","status":"publish","type":"page","link":"https:\/\/mozaika.ug.edu.pl\/?page_id=35","title":{"rendered":"Statut"},"content":{"rendered":"<p style=\"text-align: center;\"><strong>Statut Ko\u0142a Naukowego\u00a0<em>Mozaika<\/em><\/strong><\/p>\n<p style=\"text-align: center;\"><strong>Rozdzia\u0142 I<\/strong><\/p>\n<p style=\"text-align: center;\">Przepisy og\u00f3lne<\/p>\n<p style=\"text-align: center;\"><strong>Art.1.\u00a0<\/strong>Ko\u0142o nosi nazw\u0119: &#8222;Ko\u0142o Naukowe Mozaika &#8222;, zwane w dalszych postanowieniach statutu &#8222;Ko\u0142em&#8221;.<\/p>\n<p style=\"text-align: center;\"><strong>Art.2.\u00a0<\/strong>Ko\u0142o dzia\u0142a na podstawie Zarz\u0105dzenie nr 3\/R\/97 Rektora Uniwersytetu Gda\u0144skiego z dnia 15\u00a0stycznia 1997 roku w sprawie tworzenia, rejestracji i likwidacji uczelnianych organizacji studenckich w Uniwersytecie Gda\u0144skim.<\/p>\n<p style=\"text-align: center;\"><strong>Art.3.\u00a0<\/strong>Siedzib\u0105 Ko\u0142a jest Katedra Kulturoznawstwa Uniwersytetu Gda\u0144skiego. Bezpo\u015bredni\u0105 opiek\u0119 nad dzia\u0142alno\u015bci\u0105 Ko\u0142a sprawuje Opiekun Ko\u0142a &#8211; pracownik Katedry Kulturoznawstwa Uniwersytetu Gda\u0144skiego.<\/p>\n<p style=\"text-align: center;\"><strong>Rozdzia\u0142 II<\/strong><\/p>\n<p style=\"text-align: center;\">Cele i formy dzia\u0142ania<\/p>\n<p style=\"text-align: center;\"><strong>Art.4.\u00a0<\/strong>Cele:<\/p>\n<p style=\"text-align: center;\">1) dzia\u0142alno\u015b\u0107 naukowo-dydaktyczna;<\/p>\n<p style=\"text-align: center;\">2) uzupe\u0142nienie kursowego programu studi\u00f3w;<\/p>\n<p style=\"text-align: center;\">3) propagowanie przedmiotu zainteresowania w\u015br\u00f3d student\u00f3w;<\/p>\n<p style=\"text-align: center;\">4) zdobywanie praktycznego do\u015bwiadczenia.<\/p>\n<p style=\"text-align: center;\"><strong>Art.5.\u00a0<\/strong>Formy dzia\u0142ania:<\/p>\n<p style=\"text-align: center;\">1) systematyczne zaj\u0119cia dydaktyczne;<\/p>\n<p style=\"text-align: center;\">2) organizowanie konferencji naukowych;<\/p>\n<p style=\"text-align: center;\">3) wsp\u00f3\u0142praca z innymi ko\u0142ami naukowymi;<\/p>\n<p style=\"text-align: center;\">4) inne dzia\u0142ania zgodne z ide\u0105 tego Statutu.<\/p>\n<p style=\"text-align: center;\"><strong>Rozdzia\u0142 III<\/strong><\/p>\n<p style=\"text-align: center;\">Cz\u0142onkowie, ich prawa i obowi\u0105zki<\/p>\n<p style=\"text-align: center;\"><strong>Art.6.\u00a0<\/strong>Cz\u0142onkami Ko\u0142a mog\u0105 zosta\u0107 studenci Uniwersytetu Gda\u0144skiego.<\/p>\n<p style=\"text-align: center;\"><strong>Art.7.\u00a0<\/strong>Cz\u0142onkostwo nabywa si\u0119 na mocy wniosku przed\u0142o\u017conego Zarz\u0105dowi Ko\u0142a, kt\u00f3ry zosta\u0142 pozytywnie rozpatrzony.<\/p>\n<p style=\"text-align: center;\"><strong>Art.8.\u00a0<\/strong>Cz\u0142onkowie Ko\u0142a zobowi\u0105zani s\u0105 do:<\/p>\n<p style=\"text-align: center;\">1) aktywnego uczestnictwa w pracach Ko\u0142a;<\/p>\n<p style=\"text-align: center;\">2) dzia\u0142ania na rzecz realizacji cel\u00f3w Ko\u0142a;<\/p>\n<p style=\"text-align: center;\">3) post\u0119powania zgodnie ze statutem i uchwa\u0142ami Ko\u0142a.<\/p>\n<p style=\"text-align: center;\"><strong>Art.9.\u00a0<\/strong>Utrata praw cz\u0142onkowskich nast\u0119puje poprzez skre\u015blenie z listy cz\u0142onk\u00f3w:<\/p>\n<p style=\"text-align: center;\">1) na osobisty, pisemny wniosek cz\u0142onka, kt\u00f3ry chce zrezygnowa\u0107 z dzia\u0142alno\u015bci w Kole;<\/p>\n<p style=\"text-align: center;\">2) na wniosek Przewodnicz\u0105cego Ko\u0142a, gdy cz\u0142onek nie uczestniczy w statutowej dzia\u0142alno\u015bci Ko\u0142a.<\/p>\n<p style=\"text-align: center;\">\u00a0<strong>\u00a0<\/strong><\/p>\n<p style=\"text-align: center;\"><strong>Rozdzia\u0142 IV<\/strong><\/p>\n<p style=\"text-align: center;\">W\u0142adze Ko\u0142a<strong>\u00a0<\/strong><\/p>\n<p style=\"text-align: center;\"><strong>Art.10.\u00a0<\/strong>Organami w\u0142adzy Ko\u0142a s\u0105:<\/p>\n<p style=\"text-align: center;\">1) Zgromadzenie Ko\u0142a;<\/p>\n<p style=\"text-align: center;\">2) Zarz\u0105d Ko\u0142a.<\/p>\n<p style=\"text-align: center;\"><strong>Zgromadzenie Ko\u0142a<\/strong><strong>\u00a0<\/strong><\/p>\n<p style=\"text-align: center;\"><strong>Art.11.\u00a0<\/strong>Najwy\u017csz\u0105 w\u0142adz\u0105 Ko\u0142a jest Zgromadzenie Ko\u0142a, kt\u00f3re zwo\u0142ywane jest przez Przewodnicz\u0105cego\/Przewodnicz\u0105cych Ko\u0142a przynajmniej raz w roku.<\/p>\n<p style=\"text-align: center;\"><strong>Art.12.\u00a0<\/strong>Zgromadzenie Ko\u0142a mo\u017ce by\u0107 zwo\u0142ane r\u00f3wnie\u017c przez co najmniej po\u0142ow\u0119 cz\u0142onk\u00f3w Ko\u0142a.<\/p>\n<p style=\"text-align: center;\"><strong>Art.13.\u00a0<\/strong>Obrady Zgromadzenia Ko\u0142a prowadzi\/prowadz\u0105 Przewodnicz\u0105cy Ko\u0142a.<\/p>\n<p style=\"text-align: center;\"><strong>Art.14.\u00a0<\/strong>Zgromadzenie Ko\u0142a dokonuje wyboru Zarz\u0105du Ko\u0142a.<\/p>\n<p style=\"text-align: center;\"><strong>Zarz\u0105d Ko\u0142a<\/strong><\/p>\n<p style=\"text-align: center;\"><strong>Art.15.\u00a0<\/strong>W\u0142adz\u0119 wykonawcz\u0105 pe\u0142ni Zarz\u0105d Ko\u0142a, w kt\u00f3rego sk\u0142ad wchodzi Przewodnicz\u0105cy Ko\u0142a oraz\u00a0jego\/ich zast\u0119pcy.<\/p>\n<p style=\"text-align: center;\"><strong>Art.16.\u00a0<\/strong>Wyboru Przewodnicz\u0105cego\/Przewodnicz\u0105cych Ko\u0142a dokonuje Zgromadzenie Ko\u0142a na pocz\u0105tku roku akademickiego, w wyborach bezpo\u015brednich i tajnych, z nieograniczonej liczby kandydat\u00f3w. Wymagane jest zdobycie wi\u0119kszo\u015bci g\u0142os\u00f3w ca\u0142kowitej liczby cz\u0142onk\u00f3w Ko\u0142a.<\/p>\n<p style=\"text-align: center;\"><strong>Art.17.\u00a0<\/strong>Kandydatury mog\u0105 by\u0107 zg\u0142aszane przez cz\u0142onk\u00f3w Ko\u0142a oraz przez Opiekuna Ko\u0142a, spo\u015br\u00f3d grona cz\u0142onk\u00f3w Ko\u0142a.<\/p>\n<p style=\"text-align: center;\"><strong>Art.18.\u00a0<\/strong>Kadencja Przewodnicz\u0105cego\/Przewodnicz\u0105cych Ko\u0142a trwa jeden rok, przewidziana jest mo\u017cliwo\u015b\u0107 wielokrotnej reelekcji.<\/p>\n<p style=\"text-align: center;\"><strong>Art.19.\u00a0<\/strong>Przewodnicz\u0105cy Ko\u0142a mo\u017ce\/mog\u0105 by\u0107 odwo\u0142any\/odwo\u0142ani przed up\u0142ywem kadencji, je\u017celi nie wype\u0142nia\/j\u0105 swych statutowych obowi\u0105zk\u00f3w. Odwo\u0142a\u0107 Przewodnicz\u0105cego\/Przewodnicz\u0105cych Ko\u0142a mo\u017ce tylko Zgromadzenie Ko\u0142a przez g\u0142osowanie bezpo\u015brednie i tajne, wi\u0119kszo\u015bci\u0105 2\/3 g\u0142os\u00f3w ca\u0142kowitej liczby cz\u0142onk\u00f3w Ko\u0142a.<\/p>\n<p style=\"text-align: center;\"><strong>Art.20.\u00a0<\/strong>Przewodnicz\u0105cy Ko\u0142a mo\u017ce sam zrezygnowa\u0107 z pe\u0142nienia swych obowi\u0105zk\u00f3w.<\/p>\n<p style=\"text-align: center;\"><strong>Art.21.\u00a0<\/strong>Po ust\u0105pieniu b\u0105d\u017a odwo\u0142aniu ust\u0119puj\u0105cy Przewodnicz\u0105cy Ko\u0142a ma\/maj\u0105 obowi\u0105zek og\u0142osi\u0107 wybory na nowego Przewodnicz\u0105cego Ko\u0142a w okresie nie d\u0142u\u017cszym ni\u017c miesi\u0105c od ust\u0105pienia.<\/p>\n<p style=\"text-align: center;\"><strong>Art.22.\u00a0<\/strong>Kadencja Przewodnicz\u0105cego\/Przewodnicz\u0105cych Ko\u0142a trwa do momentu powo\u0142ania nowego Przewodnicz\u0105cego Ko\u0142a przez Zgromadzenie Ko\u0142a.<\/p>\n<p style=\"text-align: center;\"><strong>Art.23.\u00a0<\/strong>Do zast\u0119pc\u00f3w Przewodnicz\u0105cego\/Przewodnicz\u0105cych Ko\u0142a stosuje si\u0119 odpowiednio art.16 &#8211; 22.<\/p>\n<p style=\"text-align: center;\"><strong>Art.24.\u00a0<\/strong>Liczb\u0119 zast\u0119pc\u00f3w Przewodnicz\u0105cego\/Przewodnicz\u0105cych Ko\u0142a zale\u017cy od woli Zgromadzenia Ko\u0142a, musi si\u0119 jednak mie\u015bci\u0107 w przedziale 1 &#8211; 3.<\/p>\n<p style=\"text-align: center;\"><strong>Art.25.\u00a0<\/strong>Zadana i kompetencje Zarz\u0105du Ko\u0142a:<\/p>\n<p style=\"text-align: center;\">1) kierowanie pracami Ko\u0142a mi\u0119dzy posiedzeniami Zgromadzenia Ko\u0142a;<\/p>\n<p style=\"text-align: center;\">2) reprezentowanie Ko\u0142a przed w\u0142adzami UG, Wydzia\u0142u, Katedry oraz reprezentacja Ko\u0142a poza Uczelni\u0105;<\/p>\n<p style=\"text-align: center;\">3) informowanie cz\u0142onk\u00f3w Ko\u0142a oraz Opiekuna Naukowego o terminie i miejscu posiedzenia Zgromadzenia Ko\u0142a;<\/p>\n<p style=\"text-align: center;\">4) zarz\u0105dzanie maj\u0105tkiem Ko\u0142a i czuwanie nad jego kondycj\u0105 finansow\u0105;<\/p>\n<p style=\"text-align: center;\">5) opracowanie programu dzia\u0142ania Ko\u0142a na kolejny rok akademicki wraz z preliminarzem koszt\u00f3w;<\/p>\n<p style=\"text-align: center;\">6) przedstawienie sprawozdania z dzia\u0142alno\u015bci Ko\u0142a pod koniec ka\u017cdego roku akademickiego.<\/p>\n<p style=\"text-align: center;\"><strong>Rozdzia\u0142 V<\/strong><\/p>\n<p style=\"text-align: center;\">Maj\u0105tek i fundusze<\/p>\n<p style=\"text-align: center;\">\u00a0<strong>Art.26.\u00a0<\/strong>Ko\u0142o nie pobiera sk\u0142adek od swoich cz\u0142onk\u00f3w.<\/p>\n<p style=\"text-align: center;\"><strong>Art.27.\u00a0<\/strong>Ko\u0142o finansowane jest ze \u015brodk\u00f3w otrzymanych od stosownych w\u0142adz UG.<\/p>\n<p style=\"text-align: center;\"><strong>Art.28.\u00a0<\/strong>Maj\u0105tek Ko\u0142a tworz\u0105: darowizny, spadki, zapisy i dotacje.<\/p>\n<p style=\"text-align: center;\"><strong>Art.29.\u00a0<\/strong>Dzia\u0142alno\u015bci\u0105 finansow\u0105 Ko\u0142a kieruje Zarz\u0105d w porozumieniu z Opiekunem Ko\u0142a.<\/p>\n<p style=\"text-align: center;\"><strong>Rozdzia\u0142 VI<\/strong><\/p>\n<p style=\"text-align: center;\">Zmiana Statutu i rozwi\u0105zanie Ko\u0142a<\/p>\n<p style=\"text-align: center;\"><strong>Art.30.\u00a0<\/strong>Zgromadzenie Ko\u0142a uchwa\u0142y w sprawie zmian Statutu podejmuje wi\u0119kszo\u015bci\u0105 2\/3 g\u0142os\u00f3w w obecno\u015bci wszystkich cz\u0142onk\u00f3w Zgromadzenia Ko\u0142a.<\/p>\n<p style=\"text-align: center;\"><strong>Art.31.\u00a0<\/strong>Rozwi\u0105zanie Ko\u0142a mo\u017ce nast\u0105pi\u0107 na mocy uchwa\u0142y Zgromadzenia Ko\u0142a podj\u0119tej wi\u0119kszo\u015bci\u0105 3\/4 g\u0142os\u00f3w w obecno\u015bci wszystkich cz\u0142onk\u00f3w Zgromadzenia Ko\u0142a.<\/p>\n<p style=\"text-align: center;\"><strong>Rozdzia\u0142 VII<\/strong><\/p>\n<p style=\"text-align: center;\">Postanowienia ko\u0144cowe<\/p>\n<p style=\"text-align: center;\"><strong>Art.32.\u00a0<\/strong>Warunkiem wej\u015bcia niniejszego Statutu w \u017cycie jest zgoda wszystkich cz\u0142onk\u00f3w Ko\u0142a wyra\u017cona w g\u0142osowaniu na pierwszym posiedzeniu Ko\u0142a.<\/p>\n<p style=\"text-align: center;\"><strong>Art.33.\u00a0<\/strong>Cz\u0142onkowie Ko\u0142a, kt\u00f3rzy ko\u0144cz\u0105 studia na Uniwersytecie Gda\u0144skim lub z innych powod\u00f3w nie mog\u0105 bra\u0107 udzia\u0142u w dzia\u0142alno\u015bci prowadzonej przez Ko\u0142o otrzymuj\u0105 status cz\u0142onk\u00f3w honorowych. Status cz\u0142onka honorowego mo\u017cna uzyska\u0107 na w\u0142asne \u017cyczenie lub na wniosek Zgromadzenia Ko\u0142a. Cz\u0142onkowie honorowi informowani s\u0105 cyklicznie o wydarzeniach organizowanych przez Ko\u0142o.<\/p>\n","protected":false},"excerpt":{"rendered":"<p>Statut Ko\u0142a Naukowego\u00a0Mozaika Rozdzia\u0142 I Przepisy og\u00f3lne Art.1.\u00a0Ko\u0142o nosi nazw\u0119: &#8222;Ko\u0142o Naukowe Mozaika &#8222;, zwane w dalszych postanowieniach statutu &#8222;Ko\u0142em&#8221;. Art.2.\u00a0Ko\u0142o dzia\u0142a na podstawie Zarz\u0105dzenie nr 3\/R\/97 Rektora Uniwersytetu Gda\u0144skiego z dnia 15\u00a0stycznia 1997 roku w sprawie tworzenia, rejestracji i likwidacji uczelnianych organizacji studenckich w Uniwersytecie Gda\u0144skim. Art.3.\u00a0Siedzib\u0105 Ko\u0142a jest \u2026 <a class=\"continue-reading-link\" href=\"https:\/\/mozaika.ug.edu.pl\/?page_id=35\"> Continue reading<\/a><\/p>\n","protected":false},"author":100,"featured_media":0,"parent":0,"menu_order":4,"comment_status":"open","ping_status":"open","template":"","meta":{"footnotes":""},"class_list":["post-35","page","type-page","status-publish","hentry"],"_links":{"self":[{"href":"https:\/\/mozaika.ug.edu.pl\/index.php?rest_route=\/wp\/v2\/pages\/35","targetHints":{"allow":["GET"]}}],"collection":[{"href":"https:\/\/mozaika.ug.edu.pl\/index.php?rest_route=\/wp\/v2\/pages"}],"about":[{"href":"https:\/\/mozaika.ug.edu.pl\/index.php?rest_route=\/wp\/v2\/types\/page"}],"author":[{"embeddable":true,"href":"https:\/\/mozaika.ug.edu.pl\/index.php?rest_route=\/wp\/v2\/users\/100"}],"replies":[{"embeddable":true,"href":"https:\/\/mozaika.ug.edu.pl\/index.php?rest_route=%2Fwp%2Fv2%2Fcomments&post=35"}],"version-history":[{"count":9,"href":"https:\/\/mozaika.ug.edu.pl\/index.php?rest_route=\/wp\/v2\/pages\/35\/revisions"}],"predecessor-version":[{"id":422,"href":"https:\/\/mozaika.ug.edu.pl\/index.php?rest_route=\/wp\/v2\/pages\/35\/revisions\/422"}],"wp:attachment":[{"href":"https:\/\/mozaika.ug.edu.pl\/index.php?rest_route=%2Fwp%2Fv2%2Fmedia&parent=35"}],"curies":[{"name":"wp","href":"https:\/\/api.w.org\/{rel}","templated":true}]}}