{"id":21,"date":"2013-04-17T15:11:25","date_gmt":"2013-04-17T15:11:25","guid":{"rendered":"https:\/\/mozaika.ug.edu.pl\/?page_id=21"},"modified":"2016-07-28T09:39:46","modified_gmt":"2016-07-28T09:39:46","slug":"kontakt","status":"publish","type":"page","link":"https:\/\/mozaika.ug.edu.pl\/?page_id=21","title":{"rendered":"Kontakt"},"content":{"rendered":"<p align=\"center\"><strong><i>Mozaika<\/i>\u00a0organizuje wydarzenia i imprezy na skal\u0119 lokaln\u0105 i globaln\u0105.\u00a0<\/strong><\/p>\n<p align=\"center\">Urozmaicamy \u017cycie kulturalne koncertami i debatami (Solidarni z Bia\u0142orusi\u0105 2011, 2012, 2013, 2015), zdobywamy wiedz\u0119 u \u017ar\u00f3de\u0142 wyje\u017cd\u017caj\u0105c na wyprawy naukowe w r\u00f3\u017cne zak\u0105tki \u015bwiata (Ekwador 2009 i 2012, Syberia 2010, Sapmi 2013), budujemy nasze do\u015bwiadczenia bior\u0105c udzia\u0142 w konferencjach naukowych i je organizuj\u0105c (Regionalia 2013).<\/p>\n<p align=\"center\"><strong>Otrzymali\u015bmy wyr\u00f3\u017cnienie w kategorii\u00a0<i>Wyprawa roku<\/i>\u00a02012 w konkursie StRuNa oraz nominacj\u0119 do Nagrody Czerwonej R\u00f3\u017cy.<\/strong><\/p>\n<p align=\"center\">Uczyli\u015bmy si\u0119 wytwarza\u0107 r\u0119kodzie\u0142o na warsztatach bi\u017cuterii i wycinanek, poznali\u015bmy tajniki malowania henn\u0105.<\/p>\n<p align=\"center\">Dzi\u0119ki corocznej wigilii kulturoznawc\u00f3w, a tak\u017ce dzi\u0119ki spotkaniom z podr\u00f3\u017cnikami, antropologami i badaczami poznajemy histori\u0119, zwyczaje i tradycje kultur ca\u0142ego \u015bwiata.<\/p>\n<p align=\"center\">Ca\u0142y czas rozkr\u0119camy si\u0119 jeszcze bardziej. Potrzebujemy jednak Twojej inwencji i\u00a0kreatywno\u015bci. Je\u015bli pragniesz spe\u0142nia\u0107 si\u0119 jako pomys\u0142odawca i organizator wydarze\u0144 kulturalnych, je\u017celi chcesz podzieli\u0107 si\u0119 z nami swoimi zainteresowaniami, umiej\u0119tno\u015bciami i talentami to\u00a0<strong><i>Mozaika<\/i>\u00a0czeka w\u0142a\u015bnie na Ciebie!<\/strong><\/p>\n<p>Je\u015bli macie pytania, uwagi lub chcecie do nas do\u0142\u0105czy\u0107 &#8211; piszcie:<\/p>\n<p>kolo.naukowe.mozaika@gmail.com<\/p>\n<p>[contact_form]<\/p>\n<p><a title=\"Facebook\" href=\"https:\/\/www.facebook.com\/pages\/Studenckie-Ko%C5%82o-Naukowe-Mozaika\/145834192182538\" target=\"_blank\">Facebook<\/a>\u00a0&#8211; klik<\/p>\n<p style=\"text-align: center;\"><a href=\"https:\/\/mozaika.ug.edu.pl\/wp-content\/uploads\/2013\/04\/logomozaika.jpg\"><br \/>\n<img loading=\"lazy\" decoding=\"async\" class=\"aligncenter  wp-image-206\" title=\"logomozaika\" src=\"https:\/\/mozaika.ug.edu.pl\/wp-content\/uploads\/2013\/04\/logomozaika.jpg\" alt=\"\" width=\"423\" height=\"170\" srcset=\"https:\/\/mozaika.ug.edu.pl\/wp-content\/uploads\/2013\/04\/logomozaika.jpg 705w, https:\/\/mozaika.ug.edu.pl\/wp-content\/uploads\/2013\/04\/logomozaika-300x120.jpg 300w, https:\/\/mozaika.ug.edu.pl\/wp-content\/uploads\/2013\/04\/logomozaika-500x201.jpg 500w\" sizes=\"auto, (max-width: 423px) 100vw, 423px\" \/><\/a><\/p>\n<p>&nbsp;<\/p>\n<p>&nbsp;<\/p>\n<p>&nbsp;<\/p>\n","protected":false},"excerpt":{"rendered":"<p>Mozaika\u00a0organizuje wydarzenia i imprezy na skal\u0119 lokaln\u0105 i globaln\u0105.\u00a0 Urozmaicamy \u017cycie kulturalne koncertami i debatami (Solidarni z Bia\u0142orusi\u0105 2011, 2012, 2013, 2015), zdobywamy wiedz\u0119 u \u017ar\u00f3de\u0142 wyje\u017cd\u017caj\u0105c na wyprawy naukowe w r\u00f3\u017cne zak\u0105tki \u015bwiata (Ekwador 2009 i 2012, Syberia 2010, Sapmi 2013), budujemy nasze do\u015bwiadczenia bior\u0105c udzia\u0142 w konferencjach naukowych \u2026 <a class=\"continue-reading-link\" href=\"https:\/\/mozaika.ug.edu.pl\/?page_id=21\"> Continue reading<\/a><\/p>\n","protected":false},"author":100,"featured_media":0,"parent":0,"menu_order":5,"comment_status":"open","ping_status":"open","template":"","meta":{"footnotes":""},"class_list":["post-21","page","type-page","status-publish","hentry"],"_links":{"self":[{"href":"https:\/\/mozaika.ug.edu.pl\/index.php?rest_route=\/wp\/v2\/pages\/21","targetHints":{"allow":["GET"]}}],"collection":[{"href":"https:\/\/mozaika.ug.edu.pl\/index.php?rest_route=\/wp\/v2\/pages"}],"about":[{"href":"https:\/\/mozaika.ug.edu.pl\/index.php?rest_route=\/wp\/v2\/types\/page"}],"author":[{"embeddable":true,"href":"https:\/\/mozaika.ug.edu.pl\/index.php?rest_route=\/wp\/v2\/users\/100"}],"replies":[{"embeddable":true,"href":"https:\/\/mozaika.ug.edu.pl\/index.php?rest_route=%2Fwp%2Fv2%2Fcomments&post=21"}],"version-history":[{"count":8,"href":"https:\/\/mozaika.ug.edu.pl\/index.php?rest_route=\/wp\/v2\/pages\/21\/revisions"}],"predecessor-version":[{"id":1090,"href":"https:\/\/mozaika.ug.edu.pl\/index.php?rest_route=\/wp\/v2\/pages\/21\/revisions\/1090"}],"wp:attachment":[{"href":"https:\/\/mozaika.ug.edu.pl\/index.php?rest_route=%2Fwp%2Fv2%2Fmedia&parent=21"}],"curies":[{"name":"wp","href":"https:\/\/api.w.org\/{rel}","templated":true}]}}