{"id":1396,"date":"2018-05-16T19:13:17","date_gmt":"2018-05-16T19:13:17","guid":{"rendered":"https:\/\/mozaika.ug.edu.pl\/?page_id=1396"},"modified":"2018-05-16T19:13:17","modified_gmt":"2018-05-16T19:13:17","slug":"sapmi-2013","status":"publish","type":"page","link":"https:\/\/mozaika.ug.edu.pl\/?page_id=1396","title":{"rendered":"Sapmi 2013"},"content":{"rendered":"<p>W lipcu 2013 odby\u0142y si\u0119 studenckie badania naukowe prowadzone w rejonie Sapmi \u2013 tradycyjnego regionu Skandynawii zamieszkanego przez Saami (b\u0142\u0119dnie nazywanych Lapo\u0144czykami).<\/p>\n<p>Podczas podr\u00f3\u017cy po Szewcji i Norwegii studentki ze Studenckiego Ko\u0142a Naukowego Mozaika dzia\u0142aj\u0105cego przy Katedrze Kulturoznawstwa UG mia\u0142y okazj\u0119 rozmawia\u0107 z m\u0142odymi Saami. Badania dotyczy\u0142y ich stosunku do tradycyjnego r\u0119kodzie\u0142a oraz plan\u00f3w na przysz\u0142o\u015b\u0107.<\/p>\n<p>W ci\u0105gu trzech tygodni studentki odwiedzi\u0142y siedem wiosek zamieszkanych przez Saami i zebra\u0142y du\u017co wa\u017cnych informacji zar\u00f3wno na temat kultury Saami, jak i problem\u00f3w, z jakimi lud ten boryka si\u0119 wsp\u00f3\u0142cze\u015bnie.<\/p>\n<p>Badania by\u0142y prowadzone pod patronatem Jego Magnificencji Rektora UG, prof. Bernarda Lammka oraz pod patronatem medialnym czasopism \u201ePoznaj \u015awiat\u201d i \u201eZew P\u00f3\u0142nocy\u201d. Z ramienia Katedry Kulturoznawstwa badania by\u0142y kierowane przez dr Aleksandr\u0119 Wieruck\u0105. W Skandynawii pomoc\u0105 s\u0142u\u017cy\u0142 pan Andrzej Garski (autor przewodnika po parkach narodowych p\u00f3\u0142wyspu).<\/p>\n<p>Na pe\u0142n\u0105 relacj\u0119 z bada\u0144 zapraszamy na pocz\u0105tku listopada.<\/p>\n<p>Blog prowadzony podczas wyjazdu: http:\/\/www.sapmi2013.blogspot.com\/<\/p>\n<p><img loading=\"lazy\" decoding=\"async\" class=\"alignnone size-full wp-image-1397\" src=\"https:\/\/mozaika.ug.edu.pl\/wp-content\/uploads\/2018\/05\/9-w-Skandynawii-nietrudno-o-piekne-widoki-sa-np.-tuz-przy-campingu.jpg\" alt=\"\" width=\"800\" height=\"533\" srcset=\"https:\/\/mozaika.ug.edu.pl\/wp-content\/uploads\/2018\/05\/9-w-Skandynawii-nietrudno-o-piekne-widoki-sa-np.-tuz-przy-campingu.jpg 800w, https:\/\/mozaika.ug.edu.pl\/wp-content\/uploads\/2018\/05\/9-w-Skandynawii-nietrudno-o-piekne-widoki-sa-np.-tuz-przy-campingu-300x200.jpg 300w, https:\/\/mozaika.ug.edu.pl\/wp-content\/uploads\/2018\/05\/9-w-Skandynawii-nietrudno-o-piekne-widoki-sa-np.-tuz-przy-campingu-768x512.jpg 768w, https:\/\/mozaika.ug.edu.pl\/wp-content\/uploads\/2018\/05\/9-w-Skandynawii-nietrudno-o-piekne-widoki-sa-np.-tuz-przy-campingu-225x150.jpg 225w, https:\/\/mozaika.ug.edu.pl\/wp-content\/uploads\/2018\/05\/9-w-Skandynawii-nietrudno-o-piekne-widoki-sa-np.-tuz-przy-campingu-150x100.jpg 150w\" sizes=\"auto, (max-width: 800px) 100vw, 800px\" \/> <img loading=\"lazy\" decoding=\"async\" class=\"alignnone size-large wp-image-1398\" src=\"https:\/\/mozaika.ug.edu.pl\/wp-content\/uploads\/2018\/05\/10-przerwa-w-badaniach.jpg\" alt=\"\" width=\"800\" height=\"533\" srcset=\"https:\/\/mozaika.ug.edu.pl\/wp-content\/uploads\/2018\/05\/10-przerwa-w-badaniach.jpg 800w, https:\/\/mozaika.ug.edu.pl\/wp-content\/uploads\/2018\/05\/10-przerwa-w-badaniach-300x200.jpg 300w, https:\/\/mozaika.ug.edu.pl\/wp-content\/uploads\/2018\/05\/10-przerwa-w-badaniach-768x512.jpg 768w, https:\/\/mozaika.ug.edu.pl\/wp-content\/uploads\/2018\/05\/10-przerwa-w-badaniach-225x150.jpg 225w, https:\/\/mozaika.ug.edu.pl\/wp-content\/uploads\/2018\/05\/10-przerwa-w-badaniach-150x100.jpg 150w\" sizes=\"auto, (max-width: 800px) 100vw, 800px\" \/> <img loading=\"lazy\" decoding=\"async\" class=\"alignnone size-large wp-image-1399\" src=\"https:\/\/mozaika.ug.edu.pl\/wp-content\/uploads\/2018\/05\/11-z-panem-Andrzejem.jpg\" alt=\"\" width=\"800\" height=\"533\" srcset=\"https:\/\/mozaika.ug.edu.pl\/wp-content\/uploads\/2018\/05\/11-z-panem-Andrzejem.jpg 800w, https:\/\/mozaika.ug.edu.pl\/wp-content\/uploads\/2018\/05\/11-z-panem-Andrzejem-300x200.jpg 300w, https:\/\/mozaika.ug.edu.pl\/wp-content\/uploads\/2018\/05\/11-z-panem-Andrzejem-768x512.jpg 768w, https:\/\/mozaika.ug.edu.pl\/wp-content\/uploads\/2018\/05\/11-z-panem-Andrzejem-225x150.jpg 225w, https:\/\/mozaika.ug.edu.pl\/wp-content\/uploads\/2018\/05\/11-z-panem-Andrzejem-150x100.jpg 150w\" sizes=\"auto, (max-width: 800px) 100vw, 800px\" \/> <img loading=\"lazy\" decoding=\"async\" class=\"alignnone size-large wp-image-1400\" src=\"https:\/\/mozaika.ug.edu.pl\/wp-content\/uploads\/2018\/05\/12-nocleg-w-skansenie-w-tradycyjnym-goahtie-dawnym-letnim-domu-Saami.jpg\" alt=\"\" width=\"800\" height=\"533\" srcset=\"https:\/\/mozaika.ug.edu.pl\/wp-content\/uploads\/2018\/05\/12-nocleg-w-skansenie-w-tradycyjnym-goahtie-dawnym-letnim-domu-Saami.jpg 800w, https:\/\/mozaika.ug.edu.pl\/wp-content\/uploads\/2018\/05\/12-nocleg-w-skansenie-w-tradycyjnym-goahtie-dawnym-letnim-domu-Saami-300x200.jpg 300w, https:\/\/mozaika.ug.edu.pl\/wp-content\/uploads\/2018\/05\/12-nocleg-w-skansenie-w-tradycyjnym-goahtie-dawnym-letnim-domu-Saami-768x512.jpg 768w, https:\/\/mozaika.ug.edu.pl\/wp-content\/uploads\/2018\/05\/12-nocleg-w-skansenie-w-tradycyjnym-goahtie-dawnym-letnim-domu-Saami-225x150.jpg 225w, https:\/\/mozaika.ug.edu.pl\/wp-content\/uploads\/2018\/05\/12-nocleg-w-skansenie-w-tradycyjnym-goahtie-dawnym-letnim-domu-Saami-150x100.jpg 150w\" sizes=\"auto, (max-width: 800px) 100vw, 800px\" \/> <img loading=\"lazy\" decoding=\"async\" class=\"alignnone size-large wp-image-1401\" src=\"https:\/\/mozaika.ug.edu.pl\/wp-content\/uploads\/2018\/05\/13-hodowca-reniferow-z-cielakiem-683x1024.jpg\" alt=\"\" width=\"683\" height=\"1024\" srcset=\"https:\/\/mozaika.ug.edu.pl\/wp-content\/uploads\/2018\/05\/13-hodowca-reniferow-z-cielakiem-683x1024.jpg 683w, https:\/\/mozaika.ug.edu.pl\/wp-content\/uploads\/2018\/05\/13-hodowca-reniferow-z-cielakiem-200x300.jpg 200w, https:\/\/mozaika.ug.edu.pl\/wp-content\/uploads\/2018\/05\/13-hodowca-reniferow-z-cielakiem-768x1152.jpg 768w, https:\/\/mozaika.ug.edu.pl\/wp-content\/uploads\/2018\/05\/13-hodowca-reniferow-z-cielakiem-100x150.jpg 100w, https:\/\/mozaika.ug.edu.pl\/wp-content\/uploads\/2018\/05\/13-hodowca-reniferow-z-cielakiem.jpg 800w\" sizes=\"auto, (max-width: 683px) 100vw, 683px\" \/> <img loading=\"lazy\" decoding=\"async\" class=\"alignnone size-large wp-image-1402\" src=\"https:\/\/mozaika.ug.edu.pl\/wp-content\/uploads\/2018\/05\/14-ach-jaki-mieciutki.jpg\" alt=\"\" width=\"800\" height=\"533\" srcset=\"https:\/\/mozaika.ug.edu.pl\/wp-content\/uploads\/2018\/05\/14-ach-jaki-mieciutki.jpg 800w, https:\/\/mozaika.ug.edu.pl\/wp-content\/uploads\/2018\/05\/14-ach-jaki-mieciutki-300x200.jpg 300w, https:\/\/mozaika.ug.edu.pl\/wp-content\/uploads\/2018\/05\/14-ach-jaki-mieciutki-768x512.jpg 768w, https:\/\/mozaika.ug.edu.pl\/wp-content\/uploads\/2018\/05\/14-ach-jaki-mieciutki-225x150.jpg 225w, https:\/\/mozaika.ug.edu.pl\/wp-content\/uploads\/2018\/05\/14-ach-jaki-mieciutki-150x100.jpg 150w\" sizes=\"auto, (max-width: 800px) 100vw, 800px\" \/> <img loading=\"lazy\" decoding=\"async\" class=\"alignnone size-large wp-image-1403\" src=\"https:\/\/mozaika.ug.edu.pl\/wp-content\/uploads\/2018\/05\/15-skandynawskie-goloborze.jpg\" alt=\"\" width=\"800\" height=\"533\" srcset=\"https:\/\/mozaika.ug.edu.pl\/wp-content\/uploads\/2018\/05\/15-skandynawskie-goloborze.jpg 800w, https:\/\/mozaika.ug.edu.pl\/wp-content\/uploads\/2018\/05\/15-skandynawskie-goloborze-300x200.jpg 300w, https:\/\/mozaika.ug.edu.pl\/wp-content\/uploads\/2018\/05\/15-skandynawskie-goloborze-768x512.jpg 768w, https:\/\/mozaika.ug.edu.pl\/wp-content\/uploads\/2018\/05\/15-skandynawskie-goloborze-225x150.jpg 225w, https:\/\/mozaika.ug.edu.pl\/wp-content\/uploads\/2018\/05\/15-skandynawskie-goloborze-150x100.jpg 150w\" sizes=\"auto, (max-width: 800px) 100vw, 800px\" \/> <img loading=\"lazy\" decoding=\"async\" class=\"alignnone size-large wp-image-1404\" src=\"https:\/\/mozaika.ug.edu.pl\/wp-content\/uploads\/2018\/05\/16-norweskie-domy-z-trawiastym-dachem.jpg\" alt=\"\" width=\"800\" height=\"533\" srcset=\"https:\/\/mozaika.ug.edu.pl\/wp-content\/uploads\/2018\/05\/16-norweskie-domy-z-trawiastym-dachem.jpg 800w, https:\/\/mozaika.ug.edu.pl\/wp-content\/uploads\/2018\/05\/16-norweskie-domy-z-trawiastym-dachem-300x200.jpg 300w, https:\/\/mozaika.ug.edu.pl\/wp-content\/uploads\/2018\/05\/16-norweskie-domy-z-trawiastym-dachem-768x512.jpg 768w, https:\/\/mozaika.ug.edu.pl\/wp-content\/uploads\/2018\/05\/16-norweskie-domy-z-trawiastym-dachem-225x150.jpg 225w, https:\/\/mozaika.ug.edu.pl\/wp-content\/uploads\/2018\/05\/16-norweskie-domy-z-trawiastym-dachem-150x100.jpg 150w\" sizes=\"auto, (max-width: 800px) 100vw, 800px\" \/> <img loading=\"lazy\" decoding=\"async\" class=\"alignnone size-large wp-image-1405\" src=\"https:\/\/mozaika.ug.edu.pl\/wp-content\/uploads\/2018\/05\/17-skandynawska-samotnosc-1024x733.jpg\" alt=\"\" width=\"800\" height=\"573\" srcset=\"https:\/\/mozaika.ug.edu.pl\/wp-content\/uploads\/2018\/05\/17-skandynawska-samotnosc-1024x733.jpg 1024w, https:\/\/mozaika.ug.edu.pl\/wp-content\/uploads\/2018\/05\/17-skandynawska-samotnosc-300x215.jpg 300w, https:\/\/mozaika.ug.edu.pl\/wp-content\/uploads\/2018\/05\/17-skandynawska-samotnosc-768x550.jpg 768w, https:\/\/mozaika.ug.edu.pl\/wp-content\/uploads\/2018\/05\/17-skandynawska-samotnosc-210x150.jpg 210w, https:\/\/mozaika.ug.edu.pl\/wp-content\/uploads\/2018\/05\/17-skandynawska-samotnosc-150x107.jpg 150w, https:\/\/mozaika.ug.edu.pl\/wp-content\/uploads\/2018\/05\/17-skandynawska-samotnosc.jpg 1118w\" sizes=\"auto, (max-width: 800px) 100vw, 800px\" \/> <img loading=\"lazy\" decoding=\"async\" class=\"alignnone size-large wp-image-1406\" src=\"https:\/\/mozaika.ug.edu.pl\/wp-content\/uploads\/2018\/05\/18-gdy-GPS-zawodzi-trzeba-szukac-trasy-po-staremu.jpg\" alt=\"\" width=\"800\" height=\"533\" srcset=\"https:\/\/mozaika.ug.edu.pl\/wp-content\/uploads\/2018\/05\/18-gdy-GPS-zawodzi-trzeba-szukac-trasy-po-staremu.jpg 800w, https:\/\/mozaika.ug.edu.pl\/wp-content\/uploads\/2018\/05\/18-gdy-GPS-zawodzi-trzeba-szukac-trasy-po-staremu-300x200.jpg 300w, https:\/\/mozaika.ug.edu.pl\/wp-content\/uploads\/2018\/05\/18-gdy-GPS-zawodzi-trzeba-szukac-trasy-po-staremu-768x512.jpg 768w, https:\/\/mozaika.ug.edu.pl\/wp-content\/uploads\/2018\/05\/18-gdy-GPS-zawodzi-trzeba-szukac-trasy-po-staremu-225x150.jpg 225w, https:\/\/mozaika.ug.edu.pl\/wp-content\/uploads\/2018\/05\/18-gdy-GPS-zawodzi-trzeba-szukac-trasy-po-staremu-150x100.jpg 150w\" sizes=\"auto, (max-width: 800px) 100vw, 800px\" \/> <img loading=\"lazy\" decoding=\"async\" class=\"alignnone size-large wp-image-1407\" src=\"https:\/\/mozaika.ug.edu.pl\/wp-content\/uploads\/2018\/05\/19-ostatni-wywiad.jpg\" alt=\"\" width=\"800\" height=\"533\" srcset=\"https:\/\/mozaika.ug.edu.pl\/wp-content\/uploads\/2018\/05\/19-ostatni-wywiad.jpg 800w, https:\/\/mozaika.ug.edu.pl\/wp-content\/uploads\/2018\/05\/19-ostatni-wywiad-300x200.jpg 300w, https:\/\/mozaika.ug.edu.pl\/wp-content\/uploads\/2018\/05\/19-ostatni-wywiad-768x512.jpg 768w, https:\/\/mozaika.ug.edu.pl\/wp-content\/uploads\/2018\/05\/19-ostatni-wywiad-225x150.jpg 225w, https:\/\/mozaika.ug.edu.pl\/wp-content\/uploads\/2018\/05\/19-ostatni-wywiad-150x100.jpg 150w\" sizes=\"auto, (max-width: 800px) 100vw, 800px\" \/> <img loading=\"lazy\" decoding=\"async\" class=\"alignnone size-large wp-image-1408\" src=\"https:\/\/mozaika.ug.edu.pl\/wp-content\/uploads\/2018\/05\/20-uczestniczki-badan.jpg\" alt=\"\" width=\"800\" height=\"533\" srcset=\"https:\/\/mozaika.ug.edu.pl\/wp-content\/uploads\/2018\/05\/20-uczestniczki-badan.jpg 800w, https:\/\/mozaika.ug.edu.pl\/wp-content\/uploads\/2018\/05\/20-uczestniczki-badan-300x200.jpg 300w, https:\/\/mozaika.ug.edu.pl\/wp-content\/uploads\/2018\/05\/20-uczestniczki-badan-768x512.jpg 768w, https:\/\/mozaika.ug.edu.pl\/wp-content\/uploads\/2018\/05\/20-uczestniczki-badan-225x150.jpg 225w, https:\/\/mozaika.ug.edu.pl\/wp-content\/uploads\/2018\/05\/20-uczestniczki-badan-150x100.jpg 150w\" sizes=\"auto, (max-width: 800px) 100vw, 800px\" \/> <img loading=\"lazy\" decoding=\"async\" class=\"alignnone size-large wp-image-1409\" src=\"https:\/\/mozaika.ug.edu.pl\/wp-content\/uploads\/2018\/05\/1-studentki-przed-goahtie-dawnym-letnim-domem-Saami.jpg\" alt=\"\" width=\"800\" height=\"533\" srcset=\"https:\/\/mozaika.ug.edu.pl\/wp-content\/uploads\/2018\/05\/1-studentki-przed-goahtie-dawnym-letnim-domem-Saami.jpg 800w, https:\/\/mozaika.ug.edu.pl\/wp-content\/uploads\/2018\/05\/1-studentki-przed-goahtie-dawnym-letnim-domem-Saami-300x200.jpg 300w, https:\/\/mozaika.ug.edu.pl\/wp-content\/uploads\/2018\/05\/1-studentki-przed-goahtie-dawnym-letnim-domem-Saami-768x512.jpg 768w, https:\/\/mozaika.ug.edu.pl\/wp-content\/uploads\/2018\/05\/1-studentki-przed-goahtie-dawnym-letnim-domem-Saami-225x150.jpg 225w, https:\/\/mozaika.ug.edu.pl\/wp-content\/uploads\/2018\/05\/1-studentki-przed-goahtie-dawnym-letnim-domem-Saami-150x100.jpg 150w\" sizes=\"auto, (max-width: 800px) 100vw, 800px\" \/> <img loading=\"lazy\" decoding=\"async\" class=\"alignnone size-large wp-image-1410\" src=\"https:\/\/mozaika.ug.edu.pl\/wp-content\/uploads\/2018\/05\/2-wjazd-do-Sapmi-krainy-Saami.jpg\" alt=\"\" width=\"800\" height=\"533\" srcset=\"https:\/\/mozaika.ug.edu.pl\/wp-content\/uploads\/2018\/05\/2-wjazd-do-Sapmi-krainy-Saami.jpg 800w, https:\/\/mozaika.ug.edu.pl\/wp-content\/uploads\/2018\/05\/2-wjazd-do-Sapmi-krainy-Saami-300x200.jpg 300w, https:\/\/mozaika.ug.edu.pl\/wp-content\/uploads\/2018\/05\/2-wjazd-do-Sapmi-krainy-Saami-768x512.jpg 768w, https:\/\/mozaika.ug.edu.pl\/wp-content\/uploads\/2018\/05\/2-wjazd-do-Sapmi-krainy-Saami-225x150.jpg 225w, https:\/\/mozaika.ug.edu.pl\/wp-content\/uploads\/2018\/05\/2-wjazd-do-Sapmi-krainy-Saami-150x100.jpg 150w\" sizes=\"auto, (max-width: 800px) 100vw, 800px\" \/> <img loading=\"lazy\" decoding=\"async\" class=\"alignnone size-large wp-image-1411\" src=\"https:\/\/mozaika.ug.edu.pl\/wp-content\/uploads\/2018\/05\/3-poczatek-i-koniec-badan-norweska-wioska-Elga.jpg\" alt=\"\" width=\"800\" height=\"533\" srcset=\"https:\/\/mozaika.ug.edu.pl\/wp-content\/uploads\/2018\/05\/3-poczatek-i-koniec-badan-norweska-wioska-Elga.jpg 800w, https:\/\/mozaika.ug.edu.pl\/wp-content\/uploads\/2018\/05\/3-poczatek-i-koniec-badan-norweska-wioska-Elga-300x200.jpg 300w, https:\/\/mozaika.ug.edu.pl\/wp-content\/uploads\/2018\/05\/3-poczatek-i-koniec-badan-norweska-wioska-Elga-768x512.jpg 768w, https:\/\/mozaika.ug.edu.pl\/wp-content\/uploads\/2018\/05\/3-poczatek-i-koniec-badan-norweska-wioska-Elga-225x150.jpg 225w, https:\/\/mozaika.ug.edu.pl\/wp-content\/uploads\/2018\/05\/3-poczatek-i-koniec-badan-norweska-wioska-Elga-150x100.jpg 150w\" sizes=\"auto, (max-width: 800px) 100vw, 800px\" \/> <img loading=\"lazy\" decoding=\"async\" class=\"alignnone size-large wp-image-1412\" src=\"https:\/\/mozaika.ug.edu.pl\/wp-content\/uploads\/2018\/05\/4-podczas-wywiadu.jpg\" alt=\"\" width=\"800\" height=\"533\" srcset=\"https:\/\/mozaika.ug.edu.pl\/wp-content\/uploads\/2018\/05\/4-podczas-wywiadu.jpg 800w, https:\/\/mozaika.ug.edu.pl\/wp-content\/uploads\/2018\/05\/4-podczas-wywiadu-300x200.jpg 300w, https:\/\/mozaika.ug.edu.pl\/wp-content\/uploads\/2018\/05\/4-podczas-wywiadu-768x512.jpg 768w, https:\/\/mozaika.ug.edu.pl\/wp-content\/uploads\/2018\/05\/4-podczas-wywiadu-225x150.jpg 225w, https:\/\/mozaika.ug.edu.pl\/wp-content\/uploads\/2018\/05\/4-podczas-wywiadu-150x100.jpg 150w\" sizes=\"auto, (max-width: 800px) 100vw, 800px\" \/> <img loading=\"lazy\" decoding=\"async\" class=\"alignnone size-large wp-image-1413\" src=\"https:\/\/mozaika.ug.edu.pl\/wp-content\/uploads\/2018\/05\/5-rekodzielo-Saami.jpg\" alt=\"\" width=\"800\" height=\"533\" srcset=\"https:\/\/mozaika.ug.edu.pl\/wp-content\/uploads\/2018\/05\/5-rekodzielo-Saami.jpg 800w, https:\/\/mozaika.ug.edu.pl\/wp-content\/uploads\/2018\/05\/5-rekodzielo-Saami-300x200.jpg 300w, https:\/\/mozaika.ug.edu.pl\/wp-content\/uploads\/2018\/05\/5-rekodzielo-Saami-768x512.jpg 768w, https:\/\/mozaika.ug.edu.pl\/wp-content\/uploads\/2018\/05\/5-rekodzielo-Saami-225x150.jpg 225w, https:\/\/mozaika.ug.edu.pl\/wp-content\/uploads\/2018\/05\/5-rekodzielo-Saami-150x100.jpg 150w\" sizes=\"auto, (max-width: 800px) 100vw, 800px\" \/> <img loading=\"lazy\" decoding=\"async\" class=\"alignnone size-large wp-image-1414\" src=\"https:\/\/mozaika.ug.edu.pl\/wp-content\/uploads\/2018\/05\/6-Szwedzi-i-Norwegowie-byli-bardzo-serdeczni.jpg\" alt=\"\" width=\"800\" height=\"533\" srcset=\"https:\/\/mozaika.ug.edu.pl\/wp-content\/uploads\/2018\/05\/6-Szwedzi-i-Norwegowie-byli-bardzo-serdeczni.jpg 800w, https:\/\/mozaika.ug.edu.pl\/wp-content\/uploads\/2018\/05\/6-Szwedzi-i-Norwegowie-byli-bardzo-serdeczni-300x200.jpg 300w, https:\/\/mozaika.ug.edu.pl\/wp-content\/uploads\/2018\/05\/6-Szwedzi-i-Norwegowie-byli-bardzo-serdeczni-768x512.jpg 768w, https:\/\/mozaika.ug.edu.pl\/wp-content\/uploads\/2018\/05\/6-Szwedzi-i-Norwegowie-byli-bardzo-serdeczni-225x150.jpg 225w, https:\/\/mozaika.ug.edu.pl\/wp-content\/uploads\/2018\/05\/6-Szwedzi-i-Norwegowie-byli-bardzo-serdeczni-150x100.jpg 150w\" sizes=\"auto, (max-width: 800px) 100vw, 800px\" \/> <img loading=\"lazy\" decoding=\"async\" class=\"alignnone size-large wp-image-1415\" src=\"https:\/\/mozaika.ug.edu.pl\/wp-content\/uploads\/2018\/05\/7-renifery-fascynujace-od-pierwszego-spotkania.jpg\" alt=\"\" width=\"800\" height=\"533\" srcset=\"https:\/\/mozaika.ug.edu.pl\/wp-content\/uploads\/2018\/05\/7-renifery-fascynujace-od-pierwszego-spotkania.jpg 800w, https:\/\/mozaika.ug.edu.pl\/wp-content\/uploads\/2018\/05\/7-renifery-fascynujace-od-pierwszego-spotkania-300x200.jpg 300w, https:\/\/mozaika.ug.edu.pl\/wp-content\/uploads\/2018\/05\/7-renifery-fascynujace-od-pierwszego-spotkania-768x512.jpg 768w, https:\/\/mozaika.ug.edu.pl\/wp-content\/uploads\/2018\/05\/7-renifery-fascynujace-od-pierwszego-spotkania-225x150.jpg 225w, https:\/\/mozaika.ug.edu.pl\/wp-content\/uploads\/2018\/05\/7-renifery-fascynujace-od-pierwszego-spotkania-150x100.jpg 150w\" sizes=\"auto, (max-width: 800px) 100vw, 800px\" \/> <img loading=\"lazy\" decoding=\"async\" class=\"alignnone size-large wp-image-1416\" src=\"https:\/\/mozaika.ug.edu.pl\/wp-content\/uploads\/2018\/05\/8-samiec-renifera.jpg\" alt=\"\" width=\"533\" height=\"800\" srcset=\"https:\/\/mozaika.ug.edu.pl\/wp-content\/uploads\/2018\/05\/8-samiec-renifera.jpg 533w, https:\/\/mozaika.ug.edu.pl\/wp-content\/uploads\/2018\/05\/8-samiec-renifera-200x300.jpg 200w, https:\/\/mozaika.ug.edu.pl\/wp-content\/uploads\/2018\/05\/8-samiec-renifera-100x150.jpg 100w\" sizes=\"auto, (max-width: 533px) 100vw, 533px\" \/><\/p>\n","protected":false},"excerpt":{"rendered":"<p>W lipcu 2013 odby\u0142y si\u0119 studenckie badania naukowe prowadzone w rejonie Sapmi \u2013 tradycyjnego regionu Skandynawii zamieszkanego przez Saami (b\u0142\u0119dnie nazywanych Lapo\u0144czykami). Podczas podr\u00f3\u017cy po Szewcji i Norwegii studentki ze Studenckiego Ko\u0142a Naukowego Mozaika dzia\u0142aj\u0105cego przy Katedrze Kulturoznawstwa UG mia\u0142y okazj\u0119 rozmawia\u0107 z m\u0142odymi Saami. Badania dotyczy\u0142y ich stosunku do \u2026 <a class=\"continue-reading-link\" href=\"https:\/\/mozaika.ug.edu.pl\/?page_id=1396\"> Continue reading<\/a><\/p>\n","protected":false},"author":100,"featured_media":0,"parent":0,"menu_order":0,"comment_status":"closed","ping_status":"closed","template":"","meta":{"footnotes":""},"class_list":["post-1396","page","type-page","status-publish","hentry"],"_links":{"self":[{"href":"https:\/\/mozaika.ug.edu.pl\/index.php?rest_route=\/wp\/v2\/pages\/1396","targetHints":{"allow":["GET"]}}],"collection":[{"href":"https:\/\/mozaika.ug.edu.pl\/index.php?rest_route=\/wp\/v2\/pages"}],"about":[{"href":"https:\/\/mozaika.ug.edu.pl\/index.php?rest_route=\/wp\/v2\/types\/page"}],"author":[{"embeddable":true,"href":"https:\/\/mozaika.ug.edu.pl\/index.php?rest_route=\/wp\/v2\/users\/100"}],"replies":[{"embeddable":true,"href":"https:\/\/mozaika.ug.edu.pl\/index.php?rest_route=%2Fwp%2Fv2%2Fcomments&post=1396"}],"version-history":[{"count":1,"href":"https:\/\/mozaika.ug.edu.pl\/index.php?rest_route=\/wp\/v2\/pages\/1396\/revisions"}],"predecessor-version":[{"id":1417,"href":"https:\/\/mozaika.ug.edu.pl\/index.php?rest_route=\/wp\/v2\/pages\/1396\/revisions\/1417"}],"wp:attachment":[{"href":"https:\/\/mozaika.ug.edu.pl\/index.php?rest_route=%2Fwp%2Fv2%2Fmedia&parent=1396"}],"curies":[{"name":"wp","href":"https:\/\/api.w.org\/{rel}","templated":true}]}}