{"id":1346,"date":"2018-05-16T19:03:32","date_gmt":"2018-05-16T19:03:32","guid":{"rendered":"https:\/\/mozaika.ug.edu.pl\/?page_id=1346"},"modified":"2018-05-16T19:15:00","modified_gmt":"2018-05-16T19:15:00","slug":"syberia-2010","status":"publish","type":"page","link":"https:\/\/mozaika.ug.edu.pl\/?page_id=1346","title":{"rendered":"Syberia 2010"},"content":{"rendered":"<p>Badania naukowe na Syberii, prowadzone przez student\u00f3w kulturoznawstwa UG w lipcu i sierpniu 2010 roku na wyspie Olchon na Bajkale odby\u0142y si\u0119 w roku 2010.<\/p>\n<p>Projekt bada\u0144 nad wsp\u00f3\u0142czesnym szamanizmem syberyjskim powsta\u0142 we wsp\u00f3\u0142pracy ze Stanowym Uniwersytem Pedagogicznym w Krasnojarsku (Rosja). Siedmioro student\u00f3w ze Studenckiego Ko\u0142a Naukowego \u201eMozaika\u201d, dzia\u0142aj\u0105cego przy Katedrze Kulturoznawstwa Uniwersytetu Gda\u0144skiego, prowadzi\u0142o badania nad aktualn\u0105 sytuacj\u0105 buriackich szaman\u00f3w oraz nad wp\u0142ywem wsp\u00f3\u0142czesnej kultury zachodniej na zmieniaj\u0105c\u0105 si\u0119 sytuacj\u0119 kultury tubylczej na Syberii. Badania by\u0142y prowadzone wsp\u00f3lnie z grup\u0105 student\u00f3w ze Stanowego Uniwersytetu Pedagogicznego w Krasnojarsku i maj\u0105 by\u0107 pocz\u0105tkiem pe\u0142niejszej wsp\u00f3\u0142pracy i wymiany studenckiej w latach przysz\u0142ych. Z ramienia uczelni krasnojarskiej badaniami zajmowa\u0142a si\u0119 pani Helena Burovska, a z ramienia UG \u2013 dr Aleksandra Wierucka. Wyprawie towarzyszy\u0142o r\u00f3wnie\u017c dwoje innych pracownik\u00f3w Katedry Kulturoznawstwa UG \u2013 dr Magdalena Sacha i dr Sebastian Konefa\u0142.<\/p>\n<p>Projekt bada\u0144 zosta\u0142 obj\u0119ty honorowym patronatem Jego Magnificencji Rektora Uniwersytetu Gda\u0144skiego, prof. dra hab Bernarda Lammka oraz patronatami medialnymi.<\/p>\n<p>Materia\u0142y zgromadzone podczas bada\u0144 zosta\u0142y wykorzystane najpierw w pokazie multimedialnym i wyk\u0142adzie na Wydziale Filologicznym UG oraz w Muzeum Narodowym w Gda\u0144sku, oraz w publikacji w kolejnym roku.<\/p>\n<p>&nbsp;<\/p>\n<p><img loading=\"lazy\" decoding=\"async\" class=\"alignnone size-large wp-image-1347\" src=\"https:\/\/mozaika.ug.edu.pl\/wp-content\/uploads\/2018\/05\/syberia-45-1024x683.jpg\" alt=\"\" width=\"800\" height=\"534\" srcset=\"https:\/\/mozaika.ug.edu.pl\/wp-content\/uploads\/2018\/05\/syberia-45-1024x683.jpg 1024w, https:\/\/mozaika.ug.edu.pl\/wp-content\/uploads\/2018\/05\/syberia-45-300x200.jpg 300w, https:\/\/mozaika.ug.edu.pl\/wp-content\/uploads\/2018\/05\/syberia-45-768x512.jpg 768w, https:\/\/mozaika.ug.edu.pl\/wp-content\/uploads\/2018\/05\/syberia-45-225x150.jpg 225w, https:\/\/mozaika.ug.edu.pl\/wp-content\/uploads\/2018\/05\/syberia-45-150x100.jpg 150w, https:\/\/mozaika.ug.edu.pl\/wp-content\/uploads\/2018\/05\/syberia-45.jpg 1200w\" sizes=\"auto, (max-width: 800px) 100vw, 800px\" \/> <img loading=\"lazy\" decoding=\"async\" class=\"alignnone size-large wp-image-1348\" src=\"https:\/\/mozaika.ug.edu.pl\/wp-content\/uploads\/2018\/05\/syberia-49-1024x683.jpg\" alt=\"\" width=\"800\" height=\"534\" srcset=\"https:\/\/mozaika.ug.edu.pl\/wp-content\/uploads\/2018\/05\/syberia-49-1024x683.jpg 1024w, https:\/\/mozaika.ug.edu.pl\/wp-content\/uploads\/2018\/05\/syberia-49-300x200.jpg 300w, https:\/\/mozaika.ug.edu.pl\/wp-content\/uploads\/2018\/05\/syberia-49-768x512.jpg 768w, https:\/\/mozaika.ug.edu.pl\/wp-content\/uploads\/2018\/05\/syberia-49-225x150.jpg 225w, https:\/\/mozaika.ug.edu.pl\/wp-content\/uploads\/2018\/05\/syberia-49-150x100.jpg 150w, https:\/\/mozaika.ug.edu.pl\/wp-content\/uploads\/2018\/05\/syberia-49.jpg 1200w\" sizes=\"auto, (max-width: 800px) 100vw, 800px\" \/> <img loading=\"lazy\" decoding=\"async\" class=\"alignnone size-large wp-image-1349\" src=\"https:\/\/mozaika.ug.edu.pl\/wp-content\/uploads\/2018\/05\/syberia-51-1024x683.jpg\" alt=\"\" width=\"800\" height=\"534\" srcset=\"https:\/\/mozaika.ug.edu.pl\/wp-content\/uploads\/2018\/05\/syberia-51-1024x683.jpg 1024w, https:\/\/mozaika.ug.edu.pl\/wp-content\/uploads\/2018\/05\/syberia-51-300x200.jpg 300w, https:\/\/mozaika.ug.edu.pl\/wp-content\/uploads\/2018\/05\/syberia-51-768x512.jpg 768w, https:\/\/mozaika.ug.edu.pl\/wp-content\/uploads\/2018\/05\/syberia-51-225x150.jpg 225w, https:\/\/mozaika.ug.edu.pl\/wp-content\/uploads\/2018\/05\/syberia-51-150x100.jpg 150w, https:\/\/mozaika.ug.edu.pl\/wp-content\/uploads\/2018\/05\/syberia-51.jpg 1200w\" sizes=\"auto, (max-width: 800px) 100vw, 800px\" \/> <img loading=\"lazy\" decoding=\"async\" class=\"alignnone size-large wp-image-1350\" src=\"https:\/\/mozaika.ug.edu.pl\/wp-content\/uploads\/2018\/05\/syberia-58-1024x683.jpg\" alt=\"\" width=\"800\" height=\"534\" srcset=\"https:\/\/mozaika.ug.edu.pl\/wp-content\/uploads\/2018\/05\/syberia-58-1024x683.jpg 1024w, https:\/\/mozaika.ug.edu.pl\/wp-content\/uploads\/2018\/05\/syberia-58-300x200.jpg 300w, https:\/\/mozaika.ug.edu.pl\/wp-content\/uploads\/2018\/05\/syberia-58-768x512.jpg 768w, https:\/\/mozaika.ug.edu.pl\/wp-content\/uploads\/2018\/05\/syberia-58-225x150.jpg 225w, https:\/\/mozaika.ug.edu.pl\/wp-content\/uploads\/2018\/05\/syberia-58-150x100.jpg 150w, https:\/\/mozaika.ug.edu.pl\/wp-content\/uploads\/2018\/05\/syberia-58.jpg 1200w\" sizes=\"auto, (max-width: 800px) 100vw, 800px\" \/> <img loading=\"lazy\" decoding=\"async\" class=\"alignnone size-large wp-image-1351\" src=\"https:\/\/mozaika.ug.edu.pl\/wp-content\/uploads\/2018\/05\/syberia-59-1024x683.jpg\" alt=\"\" width=\"800\" height=\"534\" srcset=\"https:\/\/mozaika.ug.edu.pl\/wp-content\/uploads\/2018\/05\/syberia-59-1024x683.jpg 1024w, https:\/\/mozaika.ug.edu.pl\/wp-content\/uploads\/2018\/05\/syberia-59-300x200.jpg 300w, https:\/\/mozaika.ug.edu.pl\/wp-content\/uploads\/2018\/05\/syberia-59-768x512.jpg 768w, https:\/\/mozaika.ug.edu.pl\/wp-content\/uploads\/2018\/05\/syberia-59-225x150.jpg 225w, https:\/\/mozaika.ug.edu.pl\/wp-content\/uploads\/2018\/05\/syberia-59-150x100.jpg 150w, https:\/\/mozaika.ug.edu.pl\/wp-content\/uploads\/2018\/05\/syberia-59.jpg 1200w\" sizes=\"auto, (max-width: 800px) 100vw, 800px\" \/> <img loading=\"lazy\" decoding=\"async\" class=\"alignnone size-large wp-image-1352\" src=\"https:\/\/mozaika.ug.edu.pl\/wp-content\/uploads\/2018\/05\/syberia-63-683x1024.jpg\" alt=\"\" width=\"683\" height=\"1024\" srcset=\"https:\/\/mozaika.ug.edu.pl\/wp-content\/uploads\/2018\/05\/syberia-63-683x1024.jpg 683w, https:\/\/mozaika.ug.edu.pl\/wp-content\/uploads\/2018\/05\/syberia-63-200x300.jpg 200w, https:\/\/mozaika.ug.edu.pl\/wp-content\/uploads\/2018\/05\/syberia-63-768x1152.jpg 768w, https:\/\/mozaika.ug.edu.pl\/wp-content\/uploads\/2018\/05\/syberia-63-100x150.jpg 100w, https:\/\/mozaika.ug.edu.pl\/wp-content\/uploads\/2018\/05\/syberia-63.jpg 800w\" sizes=\"auto, (max-width: 683px) 100vw, 683px\" \/> <img loading=\"lazy\" decoding=\"async\" class=\"alignnone size-large wp-image-1353\" src=\"https:\/\/mozaika.ug.edu.pl\/wp-content\/uploads\/2018\/05\/syberia-66-1024x683.jpg\" alt=\"\" width=\"800\" height=\"534\" srcset=\"https:\/\/mozaika.ug.edu.pl\/wp-content\/uploads\/2018\/05\/syberia-66-1024x683.jpg 1024w, https:\/\/mozaika.ug.edu.pl\/wp-content\/uploads\/2018\/05\/syberia-66-300x200.jpg 300w, https:\/\/mozaika.ug.edu.pl\/wp-content\/uploads\/2018\/05\/syberia-66-768x512.jpg 768w, https:\/\/mozaika.ug.edu.pl\/wp-content\/uploads\/2018\/05\/syberia-66-225x150.jpg 225w, https:\/\/mozaika.ug.edu.pl\/wp-content\/uploads\/2018\/05\/syberia-66-150x100.jpg 150w, https:\/\/mozaika.ug.edu.pl\/wp-content\/uploads\/2018\/05\/syberia-66.jpg 1200w\" sizes=\"auto, (max-width: 800px) 100vw, 800px\" \/> <img loading=\"lazy\" decoding=\"async\" class=\"alignnone size-large wp-image-1354\" src=\"https:\/\/mozaika.ug.edu.pl\/wp-content\/uploads\/2018\/05\/syberia-68-1024x683.jpg\" alt=\"\" width=\"800\" height=\"534\" srcset=\"https:\/\/mozaika.ug.edu.pl\/wp-content\/uploads\/2018\/05\/syberia-68-1024x683.jpg 1024w, https:\/\/mozaika.ug.edu.pl\/wp-content\/uploads\/2018\/05\/syberia-68-300x200.jpg 300w, https:\/\/mozaika.ug.edu.pl\/wp-content\/uploads\/2018\/05\/syberia-68-768x512.jpg 768w, https:\/\/mozaika.ug.edu.pl\/wp-content\/uploads\/2018\/05\/syberia-68-225x150.jpg 225w, https:\/\/mozaika.ug.edu.pl\/wp-content\/uploads\/2018\/05\/syberia-68-150x100.jpg 150w, https:\/\/mozaika.ug.edu.pl\/wp-content\/uploads\/2018\/05\/syberia-68.jpg 1200w\" sizes=\"auto, (max-width: 800px) 100vw, 800px\" \/> <img loading=\"lazy\" decoding=\"async\" class=\"alignnone size-large wp-image-1355\" src=\"https:\/\/mozaika.ug.edu.pl\/wp-content\/uploads\/2018\/05\/syberia-77-1024x683.jpg\" alt=\"\" width=\"800\" height=\"534\" srcset=\"https:\/\/mozaika.ug.edu.pl\/wp-content\/uploads\/2018\/05\/syberia-77-1024x683.jpg 1024w, https:\/\/mozaika.ug.edu.pl\/wp-content\/uploads\/2018\/05\/syberia-77-300x200.jpg 300w, https:\/\/mozaika.ug.edu.pl\/wp-content\/uploads\/2018\/05\/syberia-77-768x512.jpg 768w, https:\/\/mozaika.ug.edu.pl\/wp-content\/uploads\/2018\/05\/syberia-77-225x150.jpg 225w, https:\/\/mozaika.ug.edu.pl\/wp-content\/uploads\/2018\/05\/syberia-77-150x100.jpg 150w\" sizes=\"auto, (max-width: 800px) 100vw, 800px\" \/> <img loading=\"lazy\" decoding=\"async\" class=\"alignnone size-large wp-image-1356\" src=\"https:\/\/mozaika.ug.edu.pl\/wp-content\/uploads\/2018\/05\/syberia-10-1024x683.jpg\" alt=\"\" width=\"800\" height=\"534\" srcset=\"https:\/\/mozaika.ug.edu.pl\/wp-content\/uploads\/2018\/05\/syberia-10-1024x683.jpg 1024w, https:\/\/mozaika.ug.edu.pl\/wp-content\/uploads\/2018\/05\/syberia-10-300x200.jpg 300w, https:\/\/mozaika.ug.edu.pl\/wp-content\/uploads\/2018\/05\/syberia-10-768x512.jpg 768w, https:\/\/mozaika.ug.edu.pl\/wp-content\/uploads\/2018\/05\/syberia-10-225x150.jpg 225w, https:\/\/mozaika.ug.edu.pl\/wp-content\/uploads\/2018\/05\/syberia-10-150x100.jpg 150w, https:\/\/mozaika.ug.edu.pl\/wp-content\/uploads\/2018\/05\/syberia-10.jpg 1200w\" sizes=\"auto, (max-width: 800px) 100vw, 800px\" \/> <img loading=\"lazy\" decoding=\"async\" class=\"alignnone size-large wp-image-1357\" src=\"https:\/\/mozaika.ug.edu.pl\/wp-content\/uploads\/2018\/05\/syberia-11-1024x683.jpg\" alt=\"\" width=\"800\" height=\"534\" srcset=\"https:\/\/mozaika.ug.edu.pl\/wp-content\/uploads\/2018\/05\/syberia-11-1024x683.jpg 1024w, https:\/\/mozaika.ug.edu.pl\/wp-content\/uploads\/2018\/05\/syberia-11-300x200.jpg 300w, https:\/\/mozaika.ug.edu.pl\/wp-content\/uploads\/2018\/05\/syberia-11-768x512.jpg 768w, https:\/\/mozaika.ug.edu.pl\/wp-content\/uploads\/2018\/05\/syberia-11-225x150.jpg 225w, https:\/\/mozaika.ug.edu.pl\/wp-content\/uploads\/2018\/05\/syberia-11-150x100.jpg 150w, https:\/\/mozaika.ug.edu.pl\/wp-content\/uploads\/2018\/05\/syberia-11.jpg 1200w\" sizes=\"auto, (max-width: 800px) 100vw, 800px\" \/> <img loading=\"lazy\" decoding=\"async\" class=\"alignnone size-large wp-image-1358\" src=\"https:\/\/mozaika.ug.edu.pl\/wp-content\/uploads\/2018\/05\/syberia-12-1024x683.jpg\" alt=\"\" width=\"800\" height=\"534\" srcset=\"https:\/\/mozaika.ug.edu.pl\/wp-content\/uploads\/2018\/05\/syberia-12-1024x683.jpg 1024w, https:\/\/mozaika.ug.edu.pl\/wp-content\/uploads\/2018\/05\/syberia-12-300x200.jpg 300w, https:\/\/mozaika.ug.edu.pl\/wp-content\/uploads\/2018\/05\/syberia-12-768x512.jpg 768w, https:\/\/mozaika.ug.edu.pl\/wp-content\/uploads\/2018\/05\/syberia-12-225x150.jpg 225w, https:\/\/mozaika.ug.edu.pl\/wp-content\/uploads\/2018\/05\/syberia-12-150x100.jpg 150w, https:\/\/mozaika.ug.edu.pl\/wp-content\/uploads\/2018\/05\/syberia-12.jpg 1200w\" sizes=\"auto, (max-width: 800px) 100vw, 800px\" \/> <img loading=\"lazy\" decoding=\"async\" class=\"alignnone size-large wp-image-1359\" src=\"https:\/\/mozaika.ug.edu.pl\/wp-content\/uploads\/2018\/05\/syberia-19-1024x683.jpg\" alt=\"\" width=\"800\" height=\"534\" srcset=\"https:\/\/mozaika.ug.edu.pl\/wp-content\/uploads\/2018\/05\/syberia-19-1024x683.jpg 1024w, https:\/\/mozaika.ug.edu.pl\/wp-content\/uploads\/2018\/05\/syberia-19-300x200.jpg 300w, https:\/\/mozaika.ug.edu.pl\/wp-content\/uploads\/2018\/05\/syberia-19-768x512.jpg 768w, https:\/\/mozaika.ug.edu.pl\/wp-content\/uploads\/2018\/05\/syberia-19-225x150.jpg 225w, https:\/\/mozaika.ug.edu.pl\/wp-content\/uploads\/2018\/05\/syberia-19-150x100.jpg 150w, https:\/\/mozaika.ug.edu.pl\/wp-content\/uploads\/2018\/05\/syberia-19.jpg 1200w\" sizes=\"auto, (max-width: 800px) 100vw, 800px\" \/> <img loading=\"lazy\" decoding=\"async\" class=\"alignnone size-large wp-image-1360\" src=\"https:\/\/mozaika.ug.edu.pl\/wp-content\/uploads\/2018\/05\/syberia-20-1024x683.jpg\" alt=\"\" width=\"800\" height=\"534\" srcset=\"https:\/\/mozaika.ug.edu.pl\/wp-content\/uploads\/2018\/05\/syberia-20-1024x683.jpg 1024w, https:\/\/mozaika.ug.edu.pl\/wp-content\/uploads\/2018\/05\/syberia-20-300x200.jpg 300w, https:\/\/mozaika.ug.edu.pl\/wp-content\/uploads\/2018\/05\/syberia-20-768x512.jpg 768w, https:\/\/mozaika.ug.edu.pl\/wp-content\/uploads\/2018\/05\/syberia-20-225x150.jpg 225w, https:\/\/mozaika.ug.edu.pl\/wp-content\/uploads\/2018\/05\/syberia-20-150x100.jpg 150w, https:\/\/mozaika.ug.edu.pl\/wp-content\/uploads\/2018\/05\/syberia-20.jpg 1200w\" sizes=\"auto, (max-width: 800px) 100vw, 800px\" \/> <img loading=\"lazy\" decoding=\"async\" class=\"alignnone size-large wp-image-1361\" src=\"https:\/\/mozaika.ug.edu.pl\/wp-content\/uploads\/2018\/05\/syberia-22-1024x683.jpg\" alt=\"\" width=\"800\" height=\"534\" srcset=\"https:\/\/mozaika.ug.edu.pl\/wp-content\/uploads\/2018\/05\/syberia-22-1024x683.jpg 1024w, https:\/\/mozaika.ug.edu.pl\/wp-content\/uploads\/2018\/05\/syberia-22-300x200.jpg 300w, https:\/\/mozaika.ug.edu.pl\/wp-content\/uploads\/2018\/05\/syberia-22-768x512.jpg 768w, https:\/\/mozaika.ug.edu.pl\/wp-content\/uploads\/2018\/05\/syberia-22-225x150.jpg 225w, https:\/\/mozaika.ug.edu.pl\/wp-content\/uploads\/2018\/05\/syberia-22-150x100.jpg 150w, https:\/\/mozaika.ug.edu.pl\/wp-content\/uploads\/2018\/05\/syberia-22.jpg 1200w\" sizes=\"auto, (max-width: 800px) 100vw, 800px\" \/> <img loading=\"lazy\" decoding=\"async\" class=\"alignnone size-large wp-image-1362\" src=\"https:\/\/mozaika.ug.edu.pl\/wp-content\/uploads\/2018\/05\/syberia-23-1024x683.jpg\" alt=\"\" width=\"800\" height=\"534\" srcset=\"https:\/\/mozaika.ug.edu.pl\/wp-content\/uploads\/2018\/05\/syberia-23-1024x683.jpg 1024w, https:\/\/mozaika.ug.edu.pl\/wp-content\/uploads\/2018\/05\/syberia-23-300x200.jpg 300w, https:\/\/mozaika.ug.edu.pl\/wp-content\/uploads\/2018\/05\/syberia-23-768x512.jpg 768w, https:\/\/mozaika.ug.edu.pl\/wp-content\/uploads\/2018\/05\/syberia-23-225x150.jpg 225w, https:\/\/mozaika.ug.edu.pl\/wp-content\/uploads\/2018\/05\/syberia-23-150x100.jpg 150w, https:\/\/mozaika.ug.edu.pl\/wp-content\/uploads\/2018\/05\/syberia-23.jpg 1200w\" sizes=\"auto, (max-width: 800px) 100vw, 800px\" \/> <img loading=\"lazy\" decoding=\"async\" class=\"alignnone size-large wp-image-1363\" src=\"https:\/\/mozaika.ug.edu.pl\/wp-content\/uploads\/2018\/05\/syberia-26-1024x683.jpg\" alt=\"\" width=\"800\" height=\"534\" srcset=\"https:\/\/mozaika.ug.edu.pl\/wp-content\/uploads\/2018\/05\/syberia-26-1024x683.jpg 1024w, https:\/\/mozaika.ug.edu.pl\/wp-content\/uploads\/2018\/05\/syberia-26-300x200.jpg 300w, https:\/\/mozaika.ug.edu.pl\/wp-content\/uploads\/2018\/05\/syberia-26-768x512.jpg 768w, https:\/\/mozaika.ug.edu.pl\/wp-content\/uploads\/2018\/05\/syberia-26-225x150.jpg 225w, https:\/\/mozaika.ug.edu.pl\/wp-content\/uploads\/2018\/05\/syberia-26-150x100.jpg 150w, https:\/\/mozaika.ug.edu.pl\/wp-content\/uploads\/2018\/05\/syberia-26.jpg 1200w\" sizes=\"auto, (max-width: 800px) 100vw, 800px\" \/> <img loading=\"lazy\" decoding=\"async\" class=\"alignnone size-large wp-image-1364\" src=\"https:\/\/mozaika.ug.edu.pl\/wp-content\/uploads\/2018\/05\/syberia-31-1024x683.jpg\" alt=\"\" width=\"800\" height=\"534\" srcset=\"https:\/\/mozaika.ug.edu.pl\/wp-content\/uploads\/2018\/05\/syberia-31-1024x683.jpg 1024w, https:\/\/mozaika.ug.edu.pl\/wp-content\/uploads\/2018\/05\/syberia-31-300x200.jpg 300w, https:\/\/mozaika.ug.edu.pl\/wp-content\/uploads\/2018\/05\/syberia-31-768x512.jpg 768w, https:\/\/mozaika.ug.edu.pl\/wp-content\/uploads\/2018\/05\/syberia-31-225x150.jpg 225w, https:\/\/mozaika.ug.edu.pl\/wp-content\/uploads\/2018\/05\/syberia-31-150x100.jpg 150w, https:\/\/mozaika.ug.edu.pl\/wp-content\/uploads\/2018\/05\/syberia-31.jpg 1200w\" sizes=\"auto, (max-width: 800px) 100vw, 800px\" \/> <img loading=\"lazy\" decoding=\"async\" class=\"alignnone size-large wp-image-1365\" src=\"https:\/\/mozaika.ug.edu.pl\/wp-content\/uploads\/2018\/05\/syberia-32-1024x683.jpg\" alt=\"\" width=\"800\" height=\"534\" srcset=\"https:\/\/mozaika.ug.edu.pl\/wp-content\/uploads\/2018\/05\/syberia-32-1024x683.jpg 1024w, https:\/\/mozaika.ug.edu.pl\/wp-content\/uploads\/2018\/05\/syberia-32-300x200.jpg 300w, https:\/\/mozaika.ug.edu.pl\/wp-content\/uploads\/2018\/05\/syberia-32-768x512.jpg 768w, https:\/\/mozaika.ug.edu.pl\/wp-content\/uploads\/2018\/05\/syberia-32-225x150.jpg 225w, https:\/\/mozaika.ug.edu.pl\/wp-content\/uploads\/2018\/05\/syberia-32-150x100.jpg 150w, https:\/\/mozaika.ug.edu.pl\/wp-content\/uploads\/2018\/05\/syberia-32.jpg 1200w\" sizes=\"auto, (max-width: 800px) 100vw, 800px\" \/> <img loading=\"lazy\" decoding=\"async\" class=\"alignnone size-large wp-image-1366\" src=\"https:\/\/mozaika.ug.edu.pl\/wp-content\/uploads\/2018\/05\/syberia-34-1024x683.jpg\" alt=\"\" width=\"800\" height=\"534\" srcset=\"https:\/\/mozaika.ug.edu.pl\/wp-content\/uploads\/2018\/05\/syberia-34-1024x683.jpg 1024w, https:\/\/mozaika.ug.edu.pl\/wp-content\/uploads\/2018\/05\/syberia-34-300x200.jpg 300w, https:\/\/mozaika.ug.edu.pl\/wp-content\/uploads\/2018\/05\/syberia-34-768x512.jpg 768w, https:\/\/mozaika.ug.edu.pl\/wp-content\/uploads\/2018\/05\/syberia-34-225x150.jpg 225w, https:\/\/mozaika.ug.edu.pl\/wp-content\/uploads\/2018\/05\/syberia-34-150x100.jpg 150w, https:\/\/mozaika.ug.edu.pl\/wp-content\/uploads\/2018\/05\/syberia-34.jpg 1200w\" sizes=\"auto, (max-width: 800px) 100vw, 800px\" \/> <img loading=\"lazy\" decoding=\"async\" class=\"alignnone size-large wp-image-1367\" src=\"https:\/\/mozaika.ug.edu.pl\/wp-content\/uploads\/2018\/05\/syberia-36-1024x683.jpg\" alt=\"\" width=\"800\" height=\"534\" srcset=\"https:\/\/mozaika.ug.edu.pl\/wp-content\/uploads\/2018\/05\/syberia-36-1024x683.jpg 1024w, https:\/\/mozaika.ug.edu.pl\/wp-content\/uploads\/2018\/05\/syberia-36-300x200.jpg 300w, https:\/\/mozaika.ug.edu.pl\/wp-content\/uploads\/2018\/05\/syberia-36-768x512.jpg 768w, https:\/\/mozaika.ug.edu.pl\/wp-content\/uploads\/2018\/05\/syberia-36-225x150.jpg 225w, https:\/\/mozaika.ug.edu.pl\/wp-content\/uploads\/2018\/05\/syberia-36-150x100.jpg 150w, https:\/\/mozaika.ug.edu.pl\/wp-content\/uploads\/2018\/05\/syberia-36.jpg 1200w\" sizes=\"auto, (max-width: 800px) 100vw, 800px\" \/> <img loading=\"lazy\" decoding=\"async\" class=\"alignnone size-large wp-image-1368\" src=\"https:\/\/mozaika.ug.edu.pl\/wp-content\/uploads\/2018\/05\/syberia-37-1024x683.jpg\" alt=\"\" width=\"800\" height=\"534\" srcset=\"https:\/\/mozaika.ug.edu.pl\/wp-content\/uploads\/2018\/05\/syberia-37-1024x683.jpg 1024w, https:\/\/mozaika.ug.edu.pl\/wp-content\/uploads\/2018\/05\/syberia-37-300x200.jpg 300w, https:\/\/mozaika.ug.edu.pl\/wp-content\/uploads\/2018\/05\/syberia-37-768x512.jpg 768w, https:\/\/mozaika.ug.edu.pl\/wp-content\/uploads\/2018\/05\/syberia-37-225x150.jpg 225w, https:\/\/mozaika.ug.edu.pl\/wp-content\/uploads\/2018\/05\/syberia-37-150x100.jpg 150w, https:\/\/mozaika.ug.edu.pl\/wp-content\/uploads\/2018\/05\/syberia-37.jpg 1200w\" sizes=\"auto, (max-width: 800px) 100vw, 800px\" \/> <img loading=\"lazy\" decoding=\"async\" class=\"alignnone size-large wp-image-1369\" src=\"https:\/\/mozaika.ug.edu.pl\/wp-content\/uploads\/2018\/05\/syberia-39-1024x683.jpg\" alt=\"\" width=\"800\" height=\"534\" srcset=\"https:\/\/mozaika.ug.edu.pl\/wp-content\/uploads\/2018\/05\/syberia-39-1024x683.jpg 1024w, https:\/\/mozaika.ug.edu.pl\/wp-content\/uploads\/2018\/05\/syberia-39-300x200.jpg 300w, https:\/\/mozaika.ug.edu.pl\/wp-content\/uploads\/2018\/05\/syberia-39-768x512.jpg 768w, https:\/\/mozaika.ug.edu.pl\/wp-content\/uploads\/2018\/05\/syberia-39-225x150.jpg 225w, https:\/\/mozaika.ug.edu.pl\/wp-content\/uploads\/2018\/05\/syberia-39-150x100.jpg 150w, https:\/\/mozaika.ug.edu.pl\/wp-content\/uploads\/2018\/05\/syberia-39.jpg 1200w\" sizes=\"auto, (max-width: 800px) 100vw, 800px\" \/> <img loading=\"lazy\" decoding=\"async\" class=\"alignnone size-large wp-image-1370\" src=\"https:\/\/mozaika.ug.edu.pl\/wp-content\/uploads\/2018\/05\/syberia-41-1024x683.jpg\" alt=\"\" width=\"800\" height=\"534\" srcset=\"https:\/\/mozaika.ug.edu.pl\/wp-content\/uploads\/2018\/05\/syberia-41-1024x683.jpg 1024w, https:\/\/mozaika.ug.edu.pl\/wp-content\/uploads\/2018\/05\/syberia-41-300x200.jpg 300w, https:\/\/mozaika.ug.edu.pl\/wp-content\/uploads\/2018\/05\/syberia-41-768x512.jpg 768w, https:\/\/mozaika.ug.edu.pl\/wp-content\/uploads\/2018\/05\/syberia-41-225x150.jpg 225w, https:\/\/mozaika.ug.edu.pl\/wp-content\/uploads\/2018\/05\/syberia-41-150x100.jpg 150w, https:\/\/mozaika.ug.edu.pl\/wp-content\/uploads\/2018\/05\/syberia-41.jpg 1200w\" sizes=\"auto, (max-width: 800px) 100vw, 800px\" \/><\/p>\n","protected":false},"excerpt":{"rendered":"<p>Badania naukowe na Syberii, prowadzone przez student\u00f3w kulturoznawstwa UG w lipcu i sierpniu 2010 roku na wyspie Olchon na Bajkale odby\u0142y si\u0119 w roku 2010. Projekt bada\u0144 nad wsp\u00f3\u0142czesnym szamanizmem syberyjskim powsta\u0142 we wsp\u00f3\u0142pracy ze Stanowym Uniwersytem Pedagogicznym w Krasnojarsku (Rosja). Siedmioro student\u00f3w ze Studenckiego Ko\u0142a Naukowego \u201eMozaika\u201d, dzia\u0142aj\u0105cego przy \u2026 <a class=\"continue-reading-link\" href=\"https:\/\/mozaika.ug.edu.pl\/?page_id=1346\"> Continue reading<\/a><\/p>\n","protected":false},"author":100,"featured_media":0,"parent":0,"menu_order":0,"comment_status":"closed","ping_status":"closed","template":"","meta":{"footnotes":""},"class_list":["post-1346","page","type-page","status-publish","hentry"],"_links":{"self":[{"href":"https:\/\/mozaika.ug.edu.pl\/index.php?rest_route=\/wp\/v2\/pages\/1346","targetHints":{"allow":["GET"]}}],"collection":[{"href":"https:\/\/mozaika.ug.edu.pl\/index.php?rest_route=\/wp\/v2\/pages"}],"about":[{"href":"https:\/\/mozaika.ug.edu.pl\/index.php?rest_route=\/wp\/v2\/types\/page"}],"author":[{"embeddable":true,"href":"https:\/\/mozaika.ug.edu.pl\/index.php?rest_route=\/wp\/v2\/users\/100"}],"replies":[{"embeddable":true,"href":"https:\/\/mozaika.ug.edu.pl\/index.php?rest_route=%2Fwp%2Fv2%2Fcomments&post=1346"}],"version-history":[{"count":2,"href":"https:\/\/mozaika.ug.edu.pl\/index.php?rest_route=\/wp\/v2\/pages\/1346\/revisions"}],"predecessor-version":[{"id":1419,"href":"https:\/\/mozaika.ug.edu.pl\/index.php?rest_route=\/wp\/v2\/pages\/1346\/revisions\/1419"}],"wp:attachment":[{"href":"https:\/\/mozaika.ug.edu.pl\/index.php?rest_route=%2Fwp%2Fv2%2Fmedia&parent=1346"}],"curies":[{"name":"wp","href":"https:\/\/api.w.org\/{rel}","templated":true}]}}