{"id":1112,"date":"2016-09-22T17:16:17","date_gmt":"2016-09-22T17:16:17","guid":{"rendered":"https:\/\/mozaika.ug.edu.pl\/?page_id=1112"},"modified":"2022-10-14T12:06:28","modified_gmt":"2022-10-14T12:06:28","slug":"powrot-do-sierpca","status":"publish","type":"page","link":"https:\/\/mozaika.ug.edu.pl\/?page_id=1112","title":{"rendered":"Badania w Sierpcu &#8211; pa\u017adziernik 2016"},"content":{"rendered":"<p>Wakacje si\u0119 ko\u0144cz\u0105, cz\u0142onkowie ko\u0142a zaraz zjad\u0105 si\u0119 z powrotem na uczelni\u0119 (a przynajmniej ci, kt\u00f3rzy kupili odpowiednio wcze\u015bniej bilety powrotne)\u2026 By zaraz znowu wyjecha\u0107.<br \/>\nZ rado\u015bci\u0105 meldujemy, \u017ce Mozaika ju\u017c na samym pocz\u0105tku pa\u017adziernika wyrusza do Sierpca. Jeszcze nas stamt\u0105d nie wyganiaj\u0105, wi\u0119c trzeba korzysta\u0107.<\/p>\n<p>Wsi mazowiecka, nadci\u0105gamy. \ud83d\ude42<\/p>\n<p><a href=\"https:\/\/mozaika.ug.edu.pl\/wp-content\/uploads\/2016\/09\/Sierpc-109.jpg\"><img loading=\"lazy\" decoding=\"async\" class=\"alignnone size-large wp-image-1110\" src=\"https:\/\/mozaika.ug.edu.pl\/wp-content\/uploads\/2016\/09\/Sierpc-109-1024x768.jpg\" alt=\"Sierpc-109\" width=\"800\" height=\"600\" srcset=\"https:\/\/mozaika.ug.edu.pl\/wp-content\/uploads\/2016\/09\/Sierpc-109-1024x768.jpg 1024w, https:\/\/mozaika.ug.edu.pl\/wp-content\/uploads\/2016\/09\/Sierpc-109-300x225.jpg 300w, https:\/\/mozaika.ug.edu.pl\/wp-content\/uploads\/2016\/09\/Sierpc-109-200x150.jpg 200w, https:\/\/mozaika.ug.edu.pl\/wp-content\/uploads\/2016\/09\/Sierpc-109-150x113.jpg 150w\" sizes=\"auto, (max-width: 800px) 100vw, 800px\" \/><\/a><\/p>\n","protected":false},"excerpt":{"rendered":"<p>Wakacje si\u0119 ko\u0144cz\u0105, cz\u0142onkowie ko\u0142a zaraz zjad\u0105 si\u0119 z powrotem na uczelni\u0119 (a przynajmniej ci, kt\u00f3rzy kupili odpowiednio wcze\u015bniej bilety powrotne)\u2026 By zaraz znowu wyjecha\u0107. Z rado\u015bci\u0105 meldujemy, \u017ce Mozaika ju\u017c na samym pocz\u0105tku pa\u017adziernika wyrusza do Sierpca. Jeszcze nas stamt\u0105d nie wyganiaj\u0105, wi\u0119c trzeba korzysta\u0107. Wsi mazowiecka, nadci\u0105gamy. \ud83d\ude42 <a class=\"continue-reading-link\" href=\"https:\/\/mozaika.ug.edu.pl\/?page_id=1112\"> Continue reading<\/a><\/p>\n","protected":false},"author":100,"featured_media":1110,"parent":1138,"menu_order":0,"comment_status":"open","ping_status":"open","template":"","meta":{"footnotes":""},"class_list":["post-1112","page","type-page","status-publish","has-post-thumbnail","hentry"],"_links":{"self":[{"href":"https:\/\/mozaika.ug.edu.pl\/index.php?rest_route=\/wp\/v2\/pages\/1112","targetHints":{"allow":["GET"]}}],"collection":[{"href":"https:\/\/mozaika.ug.edu.pl\/index.php?rest_route=\/wp\/v2\/pages"}],"about":[{"href":"https:\/\/mozaika.ug.edu.pl\/index.php?rest_route=\/wp\/v2\/types\/page"}],"author":[{"embeddable":true,"href":"https:\/\/mozaika.ug.edu.pl\/index.php?rest_route=\/wp\/v2\/users\/100"}],"replies":[{"embeddable":true,"href":"https:\/\/mozaika.ug.edu.pl\/index.php?rest_route=%2Fwp%2Fv2%2Fcomments&post=1112"}],"version-history":[{"count":3,"href":"https:\/\/mozaika.ug.edu.pl\/index.php?rest_route=\/wp\/v2\/pages\/1112\/revisions"}],"predecessor-version":[{"id":1682,"href":"https:\/\/mozaika.ug.edu.pl\/index.php?rest_route=\/wp\/v2\/pages\/1112\/revisions\/1682"}],"up":[{"embeddable":true,"href":"https:\/\/mozaika.ug.edu.pl\/index.php?rest_route=\/wp\/v2\/pages\/1138"}],"wp:featuredmedia":[{"embeddable":true,"href":"https:\/\/mozaika.ug.edu.pl\/index.php?rest_route=\/wp\/v2\/media\/1110"}],"wp:attachment":[{"href":"https:\/\/mozaika.ug.edu.pl\/index.php?rest_route=%2Fwp%2Fv2%2Fmedia&parent=1112"}],"curies":[{"name":"wp","href":"https:\/\/api.w.org\/{rel}","templated":true}]}}